{"id":391,"date":"2019-01-05T20:54:49","date_gmt":"2019-01-05T19:54:49","guid":{"rendered":"http:\/\/sv-uerdingen.de\/?page_id=391"},"modified":"2025-07-16T11:19:27","modified_gmt":"2025-07-16T09:19:27","slug":"training-obedience","status":"publish","type":"page","link":"http:\/\/sv-uerdingen.de\/?page_id=391","title":{"rendered":"Training &#8211; Obedience"},"content":{"rendered":"<p>[et_pb_section fb_built=&#8220;1&#8243; _builder_version=&#8220;3.22.3&#8243; background_color=&#8220;#273548&#8243; custom_padding=&#8220;10px||10px&#8220;][et_pb_row _builder_version=&#8220;3.25&#8243;][et_pb_column type=&#8220;4_4&#8243; _builder_version=&#8220;3.25&#8243; custom_padding=&#8220;|||&#8220; custom_padding__hover=&#8220;|||&#8220;][et_pb_text _builder_version=&#8220;3.27.4&#8243; text_font=&#8220;||||||||&#8220; text_text_color=&#8220;#ffffff&#8220; text_font_size=&#8220;32px&#8220; header_font=&#8220;||||||||&#8220; header_text_color=&#8220;#000000&#8243; header_2_font=&#8220;||||||||&#8220; header_2_text_color=&#8220;#FFFFFF&#8220; background_size=&#8220;initial&#8220; background_position=&#8220;top_left&#8220; background_repeat=&#8220;repeat&#8220; text_orientation=&#8220;center&#8220; text_font_size_tablet=&#8220;&#8220; text_font_size_phone=&#8220;16px&#8220; text_font_size_last_edited=&#8220;on|phone&#8220;]<strong>Hundesportverein SV OG Uerdingen<\/strong>[\/et_pb_text][\/et_pb_column][\/et_pb_row][\/et_pb_section][et_pb_section fb_built=&#8220;1&#8243; _builder_version=&#8220;3.22.3&#8243; background_color=&#8220;#cecece&#8220;][et_pb_row column_structure=&#8220;3_4,1_4&#8243; _builder_version=&#8220;3.25&#8243; background_size=&#8220;initial&#8220; background_position=&#8220;top_left&#8220; background_repeat=&#8220;repeat&#8220;][et_pb_column type=&#8220;3_4&#8243; _builder_version=&#8220;3.25&#8243; custom_padding=&#8220;|||&#8220; custom_padding__hover=&#8220;|||&#8220;][et_pb_text _builder_version=&#8220;3.27.4&#8243; text_font=&#8220;||||||||&#8220; text_text_color=&#8220;#000000&#8243; link_font=&#8220;||||on||||&#8220; link_text_color=&#8220;#0c71c3&#8243; header_font=&#8220;||||||||&#8220; header_text_align=&#8220;left&#8220; background_size=&#8220;initial&#8220; background_position=&#8220;top_left&#8220; background_repeat=&#8220;repeat&#8220; text_orientation=&#8220;justified&#8220; header_font_size_tablet=&#8220;&#8220; header_font_size_phone=&#8220;16px&#8220; header_font_size_last_edited=&#8220;on|phone&#8220;]<\/p>\n<h2 style=\"text-align: left;\"><strong>Obedience (auf Deutsch &#8222;Gehorsam&#8220;)<\/strong><\/h2>\n<p>Diese Sportart stammt, genau wie Agility, aus Gro\u00dfbritannien.<\/p>\n<p>Es ist eine Hundesportart, bei der es besonders auf harmonische, schnelle und exakte Ausf\u00fchrung der \u00dcbungen ankommt. Ein eingespieltes, gutes Mensch-Hund-Team ist eine Grundvoraussetzung.<\/p>\n<p>Bei Obedience-Pr\u00fcfungen geht es nicht allein um den Gehorsam des Hundes, es spielt auch seine Sozialvertr\u00e4glichkeit mit anderen Menschen und Hunden eine gro\u00dfe Rolle. Obedience ist vom Grundsatz her f\u00fcr jeden Hund geeignet, unabh\u00e4ngig von Alter und Gr\u00f6\u00dfe. Beim Hundef\u00fchrer wird keine au\u00dfergew\u00f6hnliche Sportlichkeit vorausgesetzt.<\/p>\n<p>Ein gro\u00dfer Unterschied zu anderen Hundesportarten besteht darin, dass der Hundef\u00fchrer von einem Ringsteward durch die Pr\u00fcfung gef\u00fchrt wird, der ihm Anweisungen gibt, was als N\u00e4chstes zu tun ist. Solche Anweisungen sind n\u00f6tig, da es beim Obedience kein festgelegtes Schema f\u00fcr Pr\u00fcfungen gibt. Das Mensch-Hund-Team soll aber die \u00dcbungen nicht einfach nur ausf\u00fchren, sondern auch ein m\u00f6glichst gutes Bild abgeben.<\/p>\n<p>Diese Harmonie erreicht man nur, wenn der Hund seinem Menschen vertraut und Spa\u00df an der gemeinsamen Arbeit hat. In den Klassen Beginner, Klasse 1, Klasse 2 wird der &#8222;Umgang Mensch-Hund&#8220; als eigene \u00dcbung gewertet, bei der es auf die freudige Arbeit des Hundes sowie die gute Verst\u00e4ndigung zwischen Hund und Hundef\u00fchrer ankommt. Zu den meist bekannten Gehorsams\u00fcbungen aus der Begleithundepr\u00fcfung, wie zum Beispiel &#8222;Fu\u00df&#8220; laufen, &#8222;Sitz&#8220; aus der Bewegung und &#8222;Platz&#8220; mit Abrufen, kommen beim Obedience noch einige weitere \u00dcbungen hinzu, wie beispielsweise<\/p>\n<ul>\n<li>Apportieren (mit Richtungsanweisungen)<\/li>\n<li>Eigenidentifikation (Geruchsunterscheidung an Gegenst\u00e4nden)<\/li>\n<li>Positionswechsel auf Distanz (Wechsel zwischen Sitz, Platz, Steh)<\/li>\n<li>Vorausschicken in eine Box (Quadrat 3m x 3m)<\/li>\n<li>Wesensfestigkeit, vor allem gegen\u00fcber anderen Hunden<\/li>\n<li>Ablage (alle Hunde werden gleichzeitig abgelegt)<\/li>\n<\/ul>\n<table style=\"border-color: White slategray slategray White; background-color: lightgray;\">\n<tbody>\n<tr>\n<td><strong>Trainingszeiten:<\/strong><\/td>\n<td><strong>Trainer:<\/strong><\/td>\n<\/tr>\n<tr>\n<td>Montags 16:00 &#8211; 19:00 Uhr<\/td>\n<td>Christina\u00a0S\u00f6lter, Gaby\u00a0Dinkelbach, Anja Rodrigues<\/td>\n<\/tr>\n<tr>\n<td>Mittwochs 16:00 &#8211; 18:00 Uhr<\/td>\n<td>Christina\u00a0S\u00f6lter, Gaby\u00a0Dinkelbach, Anja Rodrigues<\/td>\n<\/tr>\n<tr>\n<td>Freitags 9:00 &#8211; 11:00 Uhr<\/td>\n<td>Anja Rodrigues<\/td>\n<\/tr>\n<\/tbody>\n<\/table>\n<p>[\/et_pb_text][\/et_pb_column][et_pb_column type=&#8220;1_4&#8243; _builder_version=&#8220;3.25&#8243; custom_padding=&#8220;|||&#8220; custom_padding__hover=&#8220;|||&#8220;][et_pb_image src=&#8220;http:\/\/sv-uerdingen.de\/wp-content\/uploads\/2019\/01\/WD-20160522-0177-2.jpg&#8220; align=&#8220;center&#8220; align_tablet=&#8220;center&#8220; align_phone=&#8220;&#8220; align_last_edited=&#8220;on|desktop&#8220; _builder_version=&#8220;3.23&#8243; module_alignment=&#8220;left&#8220; custom_margin=&#8220;||&#8220; custom_padding=&#8220;50%||&#8220; border_radii=&#8220;on|12px|12px|12px|12px&#8220;][\/et_pb_image][et_pb_image src=&#8220;http:\/\/sv-uerdingen.de\/wp-content\/uploads\/2019\/01\/WD-201710-29-0139.jpg&#8220; align=&#8220;center&#8220; align_tablet=&#8220;center&#8220; align_phone=&#8220;&#8220; align_last_edited=&#8220;on|desktop&#8220; _builder_version=&#8220;3.23&#8243; module_alignment=&#8220;right&#8220; custom_margin=&#8220;0px||&#8220; border_radii=&#8220;on|12px|12px|12px|12px&#8220; border_color_all=&#8220;#000000&#8243;][\/et_pb_image][\/et_pb_column][\/et_pb_row][\/et_pb_section]<\/p>\n","protected":false},"excerpt":{"rendered":"<p>[et_pb_section fb_built=&#8220;1&#8243; _builder_version=&#8220;3.22.3&#8243; background_color=&#8220;#273548&#8243; custom_padding=&#8220;10px||10px&#8220;][et_pb_row _builder_version=&#8220;3.25&#8243;][et_pb_column type=&#8220;4_4&#8243; _builder_version=&#8220;3.25&#8243; custom_padding=&#8220;|||&#8220; custom_padding__hover=&#8220;|||&#8220;][et_pb_text _builder_version=&#8220;3.27.4&#8243; text_font=&#8220;||||||||&#8220; text_text_color=&#8220;#ffffff&#8220; text_font_size=&#8220;32px&#8220; header_font=&#8220;||||||||&#8220; header_text_color=&#8220;#000000&#8243; header_2_font=&#8220;||||||||&#8220; header_2_text_color=&#8220;#FFFFFF&#8220; background_size=&#8220;initial&#8220; background_position=&#8220;top_left&#8220; background_repeat=&#8220;repeat&#8220; text_orientation=&#8220;center&#8220; text_font_size_tablet=&#8220;&#8220; text_font_size_phone=&#8220;16px&#8220; text_font_size_last_edited=&#8220;on|phone&#8220;]Hundesportverein SV OG Uerdingen[\/et_pb_text][\/et_pb_column][\/et_pb_row][\/et_pb_section][et_pb_section fb_built=&#8220;1&#8243; _builder_version=&#8220;3.22.3&#8243; background_color=&#8220;#cecece&#8220;][et_pb_row column_structure=&#8220;3_4,1_4&#8243; _builder_version=&#8220;3.25&#8243; background_size=&#8220;initial&#8220; background_position=&#8220;top_left&#8220; background_repeat=&#8220;repeat&#8220;][et_pb_column type=&#8220;3_4&#8243; _builder_version=&#8220;3.25&#8243; custom_padding=&#8220;|||&#8220; custom_padding__hover=&#8220;|||&#8220;][et_pb_text _builder_version=&#8220;3.27.4&#8243; text_font=&#8220;||||||||&#8220; text_text_color=&#8220;#000000&#8243; link_font=&#8220;||||on||||&#8220; link_text_color=&#8220;#0c71c3&#8243; header_font=&#8220;||||||||&#8220; header_text_align=&#8220;left&#8220; background_size=&#8220;initial&#8220; background_position=&#8220;top_left&#8220; background_repeat=&#8220;repeat&#8220; text_orientation=&#8220;justified&#8220; header_font_size_tablet=&#8220;&#8220; header_font_size_phone=&#8220;16px&#8220; header_font_size_last_edited=&#8220;on|phone&#8220;] Obedience [&hellip;]<\/p>\n","protected":false},"author":2,"featured_media":0,"parent":0,"menu_order":52,"comment_status":"closed","ping_status":"closed","template":"","meta":{"_et_pb_use_builder":"on","_et_pb_old_content":"","_et_gb_content_width":"","footnotes":""},"class_list":["post-391","page","type-page","status-publish","hentry"],"yoast_head":"<!-- This site is optimized with the Yoast SEO plugin v22.1 - https:\/\/yoast.com\/wordpress\/plugins\/seo\/ -->\n<title>Training - Obedience - Hundesportverein Krefeld SV OG Uerdingen<\/title>\n<meta name=\"description\" content=\"Hundesport Krefeld SV Uerdingen - Obedience\" \/>\n<meta name=\"robots\" content=\"index, follow, max-snippet:-1, max-image-preview:large, max-video-preview:-1\" \/>\n<link rel=\"canonical\" href=\"https:\/\/sv-uerdingen.de\/?page_id=391\" \/>\n<meta property=\"og:locale\" content=\"de_DE\" \/>\n<meta property=\"og:type\" content=\"article\" \/>\n<meta property=\"og:title\" content=\"Training - Obedience - Hundesportverein Krefeld SV OG Uerdingen\" \/>\n<meta property=\"og:description\" content=\"Hundesport Krefeld SV Uerdingen - Obedience\" \/>\n<meta property=\"og:url\" content=\"https:\/\/sv-uerdingen.de\/?page_id=391\" \/>\n<meta property=\"og:site_name\" content=\"Hundesportverein Krefeld SV OG Uerdingen\" \/>\n<meta property=\"article:modified_time\" content=\"2025-07-16T09:19:27+00:00\" \/>\n<meta name=\"twitter:card\" content=\"summary_large_image\" \/>\n<meta name=\"twitter:label1\" content=\"Gesch\u00e4tzte Lesezeit\" \/>\n\t<meta name=\"twitter:data1\" content=\"3\u00a0Minuten\" \/>\n<script type=\"application\/ld+json\" class=\"yoast-schema-graph\">{\"@context\":\"https:\/\/schema.org\",\"@graph\":[{\"@type\":\"WebPage\",\"@id\":\"https:\/\/sv-uerdingen.de\/?page_id=391\",\"url\":\"https:\/\/sv-uerdingen.de\/?page_id=391\",\"name\":\"Training - Obedience - Hundesportverein Krefeld SV OG Uerdingen\",\"isPartOf\":{\"@id\":\"https:\/\/sv-uerdingen.de\/#website\"},\"datePublished\":\"2019-01-05T19:54:49+00:00\",\"dateModified\":\"2025-07-16T09:19:27+00:00\",\"description\":\"Hundesport Krefeld SV Uerdingen - Obedience\",\"breadcrumb\":{\"@id\":\"https:\/\/sv-uerdingen.de\/?page_id=391#breadcrumb\"},\"inLanguage\":\"de\",\"potentialAction\":[{\"@type\":\"ReadAction\",\"target\":[\"https:\/\/sv-uerdingen.de\/?page_id=391\"]}]},{\"@type\":\"BreadcrumbList\",\"@id\":\"https:\/\/sv-uerdingen.de\/?page_id=391#breadcrumb\",\"itemListElement\":[{\"@type\":\"ListItem\",\"position\":1,\"name\":\"Startseite\",\"item\":\"https:\/\/sv-uerdingen.de\/\"},{\"@type\":\"ListItem\",\"position\":2,\"name\":\"Training &#8211; Obedience\"}]},{\"@type\":\"WebSite\",\"@id\":\"https:\/\/sv-uerdingen.de\/#website\",\"url\":\"https:\/\/sv-uerdingen.de\/\",\"name\":\"Hundesportverein Krefeld SV OG Uerdingen\",\"description\":\"Hundesportverein Krefeld Ortsgruppe Uerdingen\",\"potentialAction\":[{\"@type\":\"SearchAction\",\"target\":{\"@type\":\"EntryPoint\",\"urlTemplate\":\"https:\/\/sv-uerdingen.de\/?s={search_term_string}\"},\"query-input\":\"required name=search_term_string\"}],\"inLanguage\":\"de\"}]}<\/script>\n<!-- \/ Yoast SEO plugin. -->","yoast_head_json":{"title":"Training - Obedience - Hundesportverein Krefeld SV OG Uerdingen","description":"Hundesport Krefeld SV Uerdingen - Obedience","robots":{"index":"index","follow":"follow","max-snippet":"max-snippet:-1","max-image-preview":"max-image-preview:large","max-video-preview":"max-video-preview:-1"},"canonical":"https:\/\/sv-uerdingen.de\/?page_id=391","og_locale":"de_DE","og_type":"article","og_title":"Training - Obedience - Hundesportverein Krefeld SV OG Uerdingen","og_description":"Hundesport Krefeld SV Uerdingen - Obedience","og_url":"https:\/\/sv-uerdingen.de\/?page_id=391","og_site_name":"Hundesportverein Krefeld SV OG Uerdingen","article_modified_time":"2025-07-16T09:19:27+00:00","twitter_card":"summary_large_image","twitter_misc":{"Gesch\u00e4tzte Lesezeit":"3\u00a0Minuten"},"schema":{"@context":"https:\/\/schema.org","@graph":[{"@type":"WebPage","@id":"https:\/\/sv-uerdingen.de\/?page_id=391","url":"https:\/\/sv-uerdingen.de\/?page_id=391","name":"Training - Obedience - Hundesportverein Krefeld SV OG Uerdingen","isPartOf":{"@id":"https:\/\/sv-uerdingen.de\/#website"},"datePublished":"2019-01-05T19:54:49+00:00","dateModified":"2025-07-16T09:19:27+00:00","description":"Hundesport Krefeld SV Uerdingen - Obedience","breadcrumb":{"@id":"https:\/\/sv-uerdingen.de\/?page_id=391#breadcrumb"},"inLanguage":"de","potentialAction":[{"@type":"ReadAction","target":["https:\/\/sv-uerdingen.de\/?page_id=391"]}]},{"@type":"BreadcrumbList","@id":"https:\/\/sv-uerdingen.de\/?page_id=391#breadcrumb","itemListElement":[{"@type":"ListItem","position":1,"name":"Startseite","item":"https:\/\/sv-uerdingen.de\/"},{"@type":"ListItem","position":2,"name":"Training &#8211; Obedience"}]},{"@type":"WebSite","@id":"https:\/\/sv-uerdingen.de\/#website","url":"https:\/\/sv-uerdingen.de\/","name":"Hundesportverein Krefeld SV OG Uerdingen","description":"Hundesportverein Krefeld Ortsgruppe Uerdingen","potentialAction":[{"@type":"SearchAction","target":{"@type":"EntryPoint","urlTemplate":"https:\/\/sv-uerdingen.de\/?s={search_term_string}"},"query-input":"required name=search_term_string"}],"inLanguage":"de"}]}},"_links":{"self":[{"href":"http:\/\/sv-uerdingen.de\/index.php?rest_route=\/wp\/v2\/pages\/391","targetHints":{"allow":["GET"]}}],"collection":[{"href":"http:\/\/sv-uerdingen.de\/index.php?rest_route=\/wp\/v2\/pages"}],"about":[{"href":"http:\/\/sv-uerdingen.de\/index.php?rest_route=\/wp\/v2\/types\/page"}],"author":[{"embeddable":true,"href":"http:\/\/sv-uerdingen.de\/index.php?rest_route=\/wp\/v2\/users\/2"}],"replies":[{"embeddable":true,"href":"http:\/\/sv-uerdingen.de\/index.php?rest_route=%2Fwp%2Fv2%2Fcomments&post=391"}],"version-history":[{"count":19,"href":"http:\/\/sv-uerdingen.de\/index.php?rest_route=\/wp\/v2\/pages\/391\/revisions"}],"predecessor-version":[{"id":2783,"href":"http:\/\/sv-uerdingen.de\/index.php?rest_route=\/wp\/v2\/pages\/391\/revisions\/2783"}],"wp:attachment":[{"href":"http:\/\/sv-uerdingen.de\/index.php?rest_route=%2Fwp%2Fv2%2Fmedia&parent=391"}],"curies":[{"name":"wp","href":"https:\/\/api.w.org\/{rel}","templated":true}]}}