{"id":1573,"date":"2020-07-02T09:03:30","date_gmt":"2020-07-02T07:03:30","guid":{"rendered":"http:\/\/sv-uerdingen.de\/?page_id=1573"},"modified":"2020-07-02T09:03:31","modified_gmt":"2020-07-02T07:03:31","slug":"anfahrt","status":"publish","type":"page","link":"https:\/\/sv-uerdingen.de\/?page_id=1573","title":{"rendered":"Anfahrt"},"content":{"rendered":"<p>[et_pb_section fb_built=&#8220;1&#8243; _builder_version=&#8220;3.22.3&#8243; background_color=&#8220;#273548&#8243; custom_padding=&#8220;10px||10px&#8220;][et_pb_row _builder_version=&#8220;3.25&#8243;][et_pb_column type=&#8220;4_4&#8243; _builder_version=&#8220;3.25&#8243; custom_padding=&#8220;|||&#8220; custom_padding__hover=&#8220;|||&#8220;][et_pb_text _builder_version=&#8220;3.27.4&#8243; text_font=&#8220;||||||||&#8220; text_text_color=&#8220;#ffffff&#8220; text_font_size=&#8220;32px&#8220; header_font=&#8220;||||||||&#8220; header_text_color=&#8220;#000000&#8243; header_2_font=&#8220;||||||||&#8220; header_2_text_color=&#8220;#FFFFFF&#8220; background_size=&#8220;initial&#8220; background_position=&#8220;top_left&#8220; background_repeat=&#8220;repeat&#8220; text_orientation=&#8220;center&#8220; text_font_size_tablet=&#8220;&#8220; text_font_size_phone=&#8220;16px&#8220; text_font_size_last_edited=&#8220;on|phone&#8220;]<\/p>\n<p><strong>Hundesportverein SV OG Uerdingen<\/strong><\/p>\n<p>[\/et_pb_text][\/et_pb_column][\/et_pb_row][\/et_pb_section][et_pb_section fb_built=&#8220;1&#8243; _builder_version=&#8220;3.22.3&#8243; background_color=&#8220;#cecece&#8220;][et_pb_row _builder_version=&#8220;3.25&#8243;][et_pb_column type=&#8220;4_4&#8243; _builder_version=&#8220;3.25&#8243; custom_padding=&#8220;|||&#8220; custom_padding__hover=&#8220;|||&#8220;][et_pb_text _builder_version=&#8220;4.3.2&#8243; text_font=&#8220;||||||||&#8220; text_text_color=&#8220;#000000&#8243; text_font_size=&#8220;18px&#8220; header_font=&#8220;||||||||&#8220; header_2_font=&#8220;||||||||&#8220; header_2_font_size=&#8220;30px&#8220; hover_enabled=&#8220;0&#8243; header_font_size_tablet=&#8220;&#8220; header_font_size_phone=&#8220;18px&#8220; header_font_size_last_edited=&#8220;on|phone&#8220; header_2_font_size_tablet=&#8220;&#8220; header_2_font_size_phone=&#8220;18px&#8220; header_2_font_size_last_edited=&#8220;on|desktop&#8220;]<\/p>\n<h2><strong>Anfahrt<\/strong><\/h2>\n<p>[\/et_pb_text][et_pb_text _builder_version=&#8220;4.3.2&#8243; text_font=&#8220;||||||||&#8220; text_text_color=&#8220;#000000&#8243; text_font_size=&#8220;18px&#8220; header_font=&#8220;||||||||&#8220; header_2_font=&#8220;||||||||&#8220; header_2_font_size=&#8220;30px&#8220; hover_enabled=&#8220;0&#8243; header_font_size_tablet=&#8220;&#8220; header_font_size_phone=&#8220;18px&#8220; header_font_size_last_edited=&#8220;on|phone&#8220; header_2_font_size_tablet=&#8220;&#8220; header_2_font_size_phone=&#8220;18px&#8220; header_2_font_size_last_edited=&#8220;on|desktop&#8220;]<\/p>\n<p>So erreichen Sie uns:<\/p>\n<p><strong>Aus Richtung K\u00f6ln und Oberhausen \u2013 A3<\/strong><br \/><strong> Essen, M\u00fclheim, D\u00fcsseldorf \u2013 A52<\/strong><\/p>\n<p>Im Autobahnkreuz Breitscheid (A3 Ausfahrt 16, A52 Ausfahrt 25) auf die A524 Richtung Krefeld wechseln. Dem Stra\u00dfenverlauf A524 \/ B288 Richtung Krefeld 15 km folgen. Nach der Rheinbr\u00fccke an der ersten M\u00f6glichkeit rechts in die Linner Str. (Shell-Tankstelle) und an der n\u00e4chsten Ampel links in die M\u00fcndelheimer Stra\u00dfe abbiegen. Dieser Stra\u00dfe 650 m folgen und links in die Joseph-G\u00f6rres-Stra\u00dfe abbiegen (Mittelinsel). Dem Stra\u00dfenverlauf 600 m folgen (die Joseph-G\u00f6rres-Stra\u00dfe wird zum Rundweg). Nach der Bezirkssportanlage befindet sich unser Vereinsgel\u00e4nde auf der linken Seite \u2013 Rundweg 18, 47829 Krefeld.<\/p>\n<p><strong>Aus Richtung Dinslaken und Duisburg \u2013 A59<\/strong><br \/><strong> Ratingen und D\u00fcsseldorf \u2013 B8 n<\/strong><\/p>\n<p>Im Autobahnkreuz Duisburg S\u00fcd (A59 Ausfahrt 16) auf die A524 Richtung Krefeld wechseln. Dem Stra\u00dfenverlauf A524 \/ B288 Richtung Krefeld 9 km folgen. Nach der Rheinbr\u00fccke an der ersten M\u00f6glichkeit rechts in die Linner Str. (Shell-Tankstelle) und an der n\u00e4chsten Ampel links in die M\u00fcndelheimer Stra\u00dfe abbiegen. Dieser Stra\u00dfe 650 m folgen und links in die Joseph-G\u00f6rres-Stra\u00dfe abbiegen (Mittelinsel). Dem Stra\u00dfenverlauf 600 m folgen (die Joseph-G\u00f6rres-Stra\u00dfe wird zum Rundweg). Nach der Bezirkssportanlage befindet sich unser Vereinsgel\u00e4nde auf der linken Seite \u2013 Rundweg 18, 47829 Krefeld..<\/p>\n<p><strong>Aus Richtung Nijmegen und Moers \u2013 A57<\/strong><br \/><strong> K\u00f6ln und Neuss \u2013 A57<\/strong><\/p>\n<p>An der Ausfahrt Krefeld Zentrum (A57 Ausfahrt 13) Richtung Duisburg-S\u00fcd abfahren und der B288 Richtung Duisburg \/ Essen folgen. Nach 750 m links in die Lange Str. Richtung Moers und nach weiteren 800 m rechts in die Alte Krefelder Str. abbiegen (Unterf\u00fchrung, Stra\u00dfenbahn). Nach 300 m rechts in die M\u00fcndelheimer Stra\u00dfe und nach weiteren 100 m rechts in die Joseph-G\u00f6rres-Stra\u00dfe abbiegen (Mittelinsel). Dem Stra\u00dfenverlauf 600 m folgen (die Joseph-G\u00f6rres-Stra\u00dfe wird zum Rundweg). Nach der Bezirkssportanlage befindet sich unser Vereinsgel\u00e4nde auf der linken Seite \u2013 Rundweg 18, 47829 Krefeld.<\/p>\n<p><strong>Navigation:<\/strong><\/p>\n<p>Einige Navigationsger\u00e4te beschreiben das Ziel \u201eRundweg 18\u201c als nicht mit einem Fahrzeug erreichbar, bzw. schlagen einen Fu\u00dfweg vor. Nennen Sie deshalb Ihrem Ger\u00e4t \u201eRundweg 10, 47829 Krefeld\u201c als Ziel und folgen dem Rundweg noch ca. 300 m.<\/p>\n<p>[\/et_pb_text][et_pb_text _builder_version=&#8220;3.27.4&#8243; text_font=&#8220;||||||||&#8220; text_text_color=&#8220;#000000&#8243; text_font_size=&#8220;18px&#8220; link_font=&#8220;||||on||||&#8220; header_font=&#8220;||||||||&#8220; header_2_font=&#8220;||||||||&#8220; header_2_font_size=&#8220;30px&#8220; header_2_font_size_tablet=&#8220;&#8220; header_2_font_size_phone=&#8220;18px&#8220; header_2_font_size_last_edited=&#8220;on|phone&#8220;]<\/p>\n<h2><\/h2>\n<p>[\/et_pb_text][\/et_pb_column][\/et_pb_row][\/et_pb_section]<\/p>\n","protected":false},"excerpt":{"rendered":"<p>[et_pb_section fb_built=&#8220;1&#8243; _builder_version=&#8220;3.22.3&#8243; background_color=&#8220;#273548&#8243; custom_padding=&#8220;10px||10px&#8220;][et_pb_row _builder_version=&#8220;3.25&#8243;][et_pb_column type=&#8220;4_4&#8243; _builder_version=&#8220;3.25&#8243; custom_padding=&#8220;|||&#8220; custom_padding__hover=&#8220;|||&#8220;][et_pb_text _builder_version=&#8220;3.27.4&#8243; text_font=&#8220;||||||||&#8220; text_text_color=&#8220;#ffffff&#8220; text_font_size=&#8220;32px&#8220; header_font=&#8220;||||||||&#8220; header_text_color=&#8220;#000000&#8243; header_2_font=&#8220;||||||||&#8220; header_2_text_color=&#8220;#FFFFFF&#8220; background_size=&#8220;initial&#8220; background_position=&#8220;top_left&#8220; background_repeat=&#8220;repeat&#8220; text_orientation=&#8220;center&#8220; text_font_size_tablet=&#8220;&#8220; text_font_size_phone=&#8220;16px&#8220; text_font_size_last_edited=&#8220;on|phone&#8220;] Hundesportverein SV OG Uerdingen [\/et_pb_text][\/et_pb_column][\/et_pb_row][\/et_pb_section][et_pb_section fb_built=&#8220;1&#8243; _builder_version=&#8220;3.22.3&#8243; background_color=&#8220;#cecece&#8220;][et_pb_row _builder_version=&#8220;3.25&#8243;][et_pb_column type=&#8220;4_4&#8243; _builder_version=&#8220;3.25&#8243; custom_padding=&#8220;|||&#8220; custom_padding__hover=&#8220;|||&#8220;][et_pb_text _builder_version=&#8220;4.3.2&#8243; text_font=&#8220;||||||||&#8220; text_text_color=&#8220;#000000&#8243; text_font_size=&#8220;18px&#8220; header_font=&#8220;||||||||&#8220; header_2_font=&#8220;||||||||&#8220; header_2_font_size=&#8220;30px&#8220; hover_enabled=&#8220;0&#8243; header_font_size_tablet=&#8220;&#8220; header_font_size_phone=&#8220;18px&#8220; header_font_size_last_edited=&#8220;on|phone&#8220; header_2_font_size_tablet=&#8220;&#8220; header_2_font_size_phone=&#8220;18px&#8220; header_2_font_size_last_edited=&#8220;on|desktop&#8220;] Anfahrt [\/et_pb_text][et_pb_text _builder_version=&#8220;4.3.2&#8243; [&hellip;]<\/p>\n","protected":false},"author":2,"featured_media":0,"parent":0,"menu_order":60,"comment_status":"closed","ping_status":"closed","template":"","meta":{"_et_pb_use_builder":"on","_et_pb_old_content":"","_et_gb_content_width":"","footnotes":""},"class_list":["post-1573","page","type-page","status-publish","hentry"],"yoast_head":"<!-- This site is optimized with the Yoast SEO plugin v22.1 - https:\/\/yoast.com\/wordpress\/plugins\/seo\/ -->\n<title>Anfahrt - Hundesportverein Krefeld SV OG Uerdingen<\/title>\n<meta name=\"robots\" content=\"index, follow, max-snippet:-1, max-image-preview:large, max-video-preview:-1\" \/>\n<link rel=\"canonical\" href=\"https:\/\/sv-uerdingen.de\/?page_id=1573\" \/>\n<meta property=\"og:locale\" content=\"de_DE\" \/>\n<meta property=\"og:type\" content=\"article\" \/>\n<meta property=\"og:title\" content=\"Anfahrt - Hundesportverein Krefeld SV OG Uerdingen\" \/>\n<meta property=\"og:description\" content=\"[et_pb_section fb_built=&#8220;1&#8243; _builder_version=&#8220;3.22.3&#8243; background_color=&#8220;#273548&#8243; custom_padding=&#8220;10px||10px&#8220;][et_pb_row _builder_version=&#8220;3.25&#8243;][et_pb_column type=&#8220;4_4&#8243; _builder_version=&#8220;3.25&#8243; custom_padding=&#8220;|||&#8220; custom_padding__hover=&#8220;|||&#8220;][et_pb_text _builder_version=&#8220;3.27.4&#8243; text_font=&#8220;||||||||&#8220; text_text_color=&#8220;#ffffff&#8220; text_font_size=&#8220;32px&#8220; header_font=&#8220;||||||||&#8220; header_text_color=&#8220;#000000&#8243; header_2_font=&#8220;||||||||&#8220; header_2_text_color=&#8220;#FFFFFF&#8220; background_size=&#8220;initial&#8220; background_position=&#8220;top_left&#8220; background_repeat=&#8220;repeat&#8220; text_orientation=&#8220;center&#8220; text_font_size_tablet=&#8220;&#8220; text_font_size_phone=&#8220;16px&#8220; text_font_size_last_edited=&#8220;on|phone&#8220;] Hundesportverein SV OG Uerdingen [\/et_pb_text][\/et_pb_column][\/et_pb_row][\/et_pb_section][et_pb_section fb_built=&#8220;1&#8243; _builder_version=&#8220;3.22.3&#8243; background_color=&#8220;#cecece&#8220;][et_pb_row _builder_version=&#8220;3.25&#8243;][et_pb_column type=&#8220;4_4&#8243; _builder_version=&#8220;3.25&#8243; custom_padding=&#8220;|||&#8220; custom_padding__hover=&#8220;|||&#8220;][et_pb_text _builder_version=&#8220;4.3.2&#8243; text_font=&#8220;||||||||&#8220; text_text_color=&#8220;#000000&#8243; text_font_size=&#8220;18px&#8220; header_font=&#8220;||||||||&#8220; header_2_font=&#8220;||||||||&#8220; header_2_font_size=&#8220;30px&#8220; hover_enabled=&#8220;0&#8243; header_font_size_tablet=&#8220;&#8220; header_font_size_phone=&#8220;18px&#8220; header_font_size_last_edited=&#8220;on|phone&#8220; header_2_font_size_tablet=&#8220;&#8220; header_2_font_size_phone=&#8220;18px&#8220; header_2_font_size_last_edited=&#8220;on|desktop&#8220;] Anfahrt [\/et_pb_text][et_pb_text _builder_version=&#8220;4.3.2&#8243; [&hellip;]\" \/>\n<meta property=\"og:url\" content=\"https:\/\/sv-uerdingen.de\/?page_id=1573\" \/>\n<meta property=\"og:site_name\" content=\"Hundesportverein Krefeld SV OG Uerdingen\" \/>\n<meta property=\"article:modified_time\" content=\"2020-07-02T07:03:31+00:00\" \/>\n<meta name=\"twitter:card\" content=\"summary_large_image\" \/>\n<meta name=\"twitter:label1\" content=\"Gesch\u00e4tzte Lesezeit\" \/>\n\t<meta name=\"twitter:data1\" content=\"3\u00a0Minuten\" \/>\n<script type=\"application\/ld+json\" class=\"yoast-schema-graph\">{\"@context\":\"https:\/\/schema.org\",\"@graph\":[{\"@type\":\"WebPage\",\"@id\":\"https:\/\/sv-uerdingen.de\/?page_id=1573\",\"url\":\"https:\/\/sv-uerdingen.de\/?page_id=1573\",\"name\":\"Anfahrt - Hundesportverein Krefeld SV OG Uerdingen\",\"isPartOf\":{\"@id\":\"http:\/\/sv-uerdingen.de\/#website\"},\"datePublished\":\"2020-07-02T07:03:30+00:00\",\"dateModified\":\"2020-07-02T07:03:31+00:00\",\"breadcrumb\":{\"@id\":\"https:\/\/sv-uerdingen.de\/?page_id=1573#breadcrumb\"},\"inLanguage\":\"de\",\"potentialAction\":[{\"@type\":\"ReadAction\",\"target\":[\"https:\/\/sv-uerdingen.de\/?page_id=1573\"]}]},{\"@type\":\"BreadcrumbList\",\"@id\":\"https:\/\/sv-uerdingen.de\/?page_id=1573#breadcrumb\",\"itemListElement\":[{\"@type\":\"ListItem\",\"position\":1,\"name\":\"Startseite\",\"item\":\"http:\/\/sv-uerdingen.de\/\"},{\"@type\":\"ListItem\",\"position\":2,\"name\":\"Anfahrt\"}]},{\"@type\":\"WebSite\",\"@id\":\"http:\/\/sv-uerdingen.de\/#website\",\"url\":\"http:\/\/sv-uerdingen.de\/\",\"name\":\"Hundesportverein Krefeld SV OG Uerdingen\",\"description\":\"Hundesportverein Krefeld Ortsgruppe Uerdingen\",\"potentialAction\":[{\"@type\":\"SearchAction\",\"target\":{\"@type\":\"EntryPoint\",\"urlTemplate\":\"http:\/\/sv-uerdingen.de\/?s={search_term_string}\"},\"query-input\":\"required name=search_term_string\"}],\"inLanguage\":\"de\"}]}<\/script>\n<!-- \/ Yoast SEO plugin. -->","yoast_head_json":{"title":"Anfahrt - Hundesportverein Krefeld SV OG Uerdingen","robots":{"index":"index","follow":"follow","max-snippet":"max-snippet:-1","max-image-preview":"max-image-preview:large","max-video-preview":"max-video-preview:-1"},"canonical":"https:\/\/sv-uerdingen.de\/?page_id=1573","og_locale":"de_DE","og_type":"article","og_title":"Anfahrt - Hundesportverein Krefeld SV OG Uerdingen","og_description":"[et_pb_section fb_built=&#8220;1&#8243; _builder_version=&#8220;3.22.3&#8243; background_color=&#8220;#273548&#8243; custom_padding=&#8220;10px||10px&#8220;][et_pb_row _builder_version=&#8220;3.25&#8243;][et_pb_column type=&#8220;4_4&#8243; _builder_version=&#8220;3.25&#8243; custom_padding=&#8220;|||&#8220; custom_padding__hover=&#8220;|||&#8220;][et_pb_text _builder_version=&#8220;3.27.4&#8243; text_font=&#8220;||||||||&#8220; text_text_color=&#8220;#ffffff&#8220; text_font_size=&#8220;32px&#8220; header_font=&#8220;||||||||&#8220; header_text_color=&#8220;#000000&#8243; header_2_font=&#8220;||||||||&#8220; header_2_text_color=&#8220;#FFFFFF&#8220; background_size=&#8220;initial&#8220; background_position=&#8220;top_left&#8220; background_repeat=&#8220;repeat&#8220; text_orientation=&#8220;center&#8220; text_font_size_tablet=&#8220;&#8220; text_font_size_phone=&#8220;16px&#8220; text_font_size_last_edited=&#8220;on|phone&#8220;] Hundesportverein SV OG Uerdingen [\/et_pb_text][\/et_pb_column][\/et_pb_row][\/et_pb_section][et_pb_section fb_built=&#8220;1&#8243; _builder_version=&#8220;3.22.3&#8243; background_color=&#8220;#cecece&#8220;][et_pb_row _builder_version=&#8220;3.25&#8243;][et_pb_column type=&#8220;4_4&#8243; _builder_version=&#8220;3.25&#8243; custom_padding=&#8220;|||&#8220; custom_padding__hover=&#8220;|||&#8220;][et_pb_text _builder_version=&#8220;4.3.2&#8243; text_font=&#8220;||||||||&#8220; text_text_color=&#8220;#000000&#8243; text_font_size=&#8220;18px&#8220; header_font=&#8220;||||||||&#8220; header_2_font=&#8220;||||||||&#8220; header_2_font_size=&#8220;30px&#8220; hover_enabled=&#8220;0&#8243; header_font_size_tablet=&#8220;&#8220; header_font_size_phone=&#8220;18px&#8220; header_font_size_last_edited=&#8220;on|phone&#8220; header_2_font_size_tablet=&#8220;&#8220; header_2_font_size_phone=&#8220;18px&#8220; header_2_font_size_last_edited=&#8220;on|desktop&#8220;] Anfahrt [\/et_pb_text][et_pb_text _builder_version=&#8220;4.3.2&#8243; [&hellip;]","og_url":"https:\/\/sv-uerdingen.de\/?page_id=1573","og_site_name":"Hundesportverein Krefeld SV OG Uerdingen","article_modified_time":"2020-07-02T07:03:31+00:00","twitter_card":"summary_large_image","twitter_misc":{"Gesch\u00e4tzte Lesezeit":"3\u00a0Minuten"},"schema":{"@context":"https:\/\/schema.org","@graph":[{"@type":"WebPage","@id":"https:\/\/sv-uerdingen.de\/?page_id=1573","url":"https:\/\/sv-uerdingen.de\/?page_id=1573","name":"Anfahrt - Hundesportverein Krefeld SV OG Uerdingen","isPartOf":{"@id":"http:\/\/sv-uerdingen.de\/#website"},"datePublished":"2020-07-02T07:03:30+00:00","dateModified":"2020-07-02T07:03:31+00:00","breadcrumb":{"@id":"https:\/\/sv-uerdingen.de\/?page_id=1573#breadcrumb"},"inLanguage":"de","potentialAction":[{"@type":"ReadAction","target":["https:\/\/sv-uerdingen.de\/?page_id=1573"]}]},{"@type":"BreadcrumbList","@id":"https:\/\/sv-uerdingen.de\/?page_id=1573#breadcrumb","itemListElement":[{"@type":"ListItem","position":1,"name":"Startseite","item":"http:\/\/sv-uerdingen.de\/"},{"@type":"ListItem","position":2,"name":"Anfahrt"}]},{"@type":"WebSite","@id":"http:\/\/sv-uerdingen.de\/#website","url":"http:\/\/sv-uerdingen.de\/","name":"Hundesportverein Krefeld SV OG Uerdingen","description":"Hundesportverein Krefeld Ortsgruppe Uerdingen","potentialAction":[{"@type":"SearchAction","target":{"@type":"EntryPoint","urlTemplate":"http:\/\/sv-uerdingen.de\/?s={search_term_string}"},"query-input":"required name=search_term_string"}],"inLanguage":"de"}]}},"_links":{"self":[{"href":"https:\/\/sv-uerdingen.de\/index.php?rest_route=\/wp\/v2\/pages\/1573","targetHints":{"allow":["GET"]}}],"collection":[{"href":"https:\/\/sv-uerdingen.de\/index.php?rest_route=\/wp\/v2\/pages"}],"about":[{"href":"https:\/\/sv-uerdingen.de\/index.php?rest_route=\/wp\/v2\/types\/page"}],"author":[{"embeddable":true,"href":"https:\/\/sv-uerdingen.de\/index.php?rest_route=\/wp\/v2\/users\/2"}],"replies":[{"embeddable":true,"href":"https:\/\/sv-uerdingen.de\/index.php?rest_route=%2Fwp%2Fv2%2Fcomments&post=1573"}],"version-history":[{"count":2,"href":"https:\/\/sv-uerdingen.de\/index.php?rest_route=\/wp\/v2\/pages\/1573\/revisions"}],"predecessor-version":[{"id":1577,"href":"https:\/\/sv-uerdingen.de\/index.php?rest_route=\/wp\/v2\/pages\/1573\/revisions\/1577"}],"wp:attachment":[{"href":"https:\/\/sv-uerdingen.de\/index.php?rest_route=%2Fwp%2Fv2%2Fmedia&parent=1573"}],"curies":[{"name":"wp","href":"https:\/\/api.w.org\/{rel}","templated":true}]}}