{"id":2890,"date":"2025-10-21T19:39:12","date_gmt":"2025-10-21T17:39:12","guid":{"rendered":"https:\/\/sv-uerdingen.de\/?page_id=2890"},"modified":"2025-10-23T19:45:51","modified_gmt":"2025-10-23T17:45:51","slug":"training-cavaletti","status":"publish","type":"page","link":"https:\/\/sv-uerdingen.de\/?page_id=2890","title":{"rendered":"Training &#8211; Cavaletti"},"content":{"rendered":"[et_pb_section fb_built=&#8220;1&#8243; _builder_version=&#8220;3.22&#8243; background_color=&#8220;#273548&#8243; custom_padding=&#8220;10px||10px&#8220;][et_pb_row _builder_version=&#8220;3.25&#8243;][et_pb_column type=&#8220;4_4&#8243; _builder_version=&#8220;3.25&#8243; custom_padding=&#8220;|||&#8220; custom_padding__hover=&#8220;|||&#8220;][et_pb_text _builder_version=&#8220;3.27.4&#8243; text_font=&#8220;||||||||&#8220; text_text_color=&#8220;#ffffff&#8220; text_font_size=&#8220;32px&#8220; header_font=&#8220;||||||||&#8220; header_text_color=&#8220;#000000&#8243; header_2_font=&#8220;||||||||&#8220; header_2_text_color=&#8220;#FFFFFF&#8220; background_size=&#8220;initial&#8220; background_position=&#8220;top_left&#8220; background_repeat=&#8220;repeat&#8220; text_orientation=&#8220;center&#8220;]<p><strong>Hundesportverein SV OG Uerdingen<\/strong><\/p>[\/et_pb_text][\/et_pb_column][\/et_pb_row][\/et_pb_section][et_pb_section fb_built=&#8220;1&#8243; _builder_version=&#8220;3.22&#8243; background_color=&#8220;#cecece&#8220;][et_pb_row column_structure=&#8220;3_4,1_4&#8243; _builder_version=&#8220;4.3.2&#8243; background_size=&#8220;initial&#8220; background_position=&#8220;top_left&#8220; background_repeat=&#8220;repeat&#8220;][et_pb_column type=&#8220;3_4&#8243; _builder_version=&#8220;3.25&#8243; custom_padding=&#8220;|||&#8220; custom_padding__hover=&#8220;|||&#8220;][et_pb_text _builder_version=&#8220;4.3.2&#8243; text_font=&#8220;||||||||&#8220; text_text_color=&#8220;#000000&#8243; link_font=&#8220;||||on||||&#8220; link_text_color=&#8220;#0c71c3&#8243; header_font=&#8220;||||||||&#8220; header_text_align=&#8220;left&#8220; background_size=&#8220;initial&#8220; background_position=&#8220;top_left&#8220; background_repeat=&#8220;repeat&#8220; text_orientation=&#8220;justified&#8220; custom_padding=&#8220;15px|||||&#8220; hover_enabled=&#8220;0&#8243;]<h2><\/h2>\n<p><span style=\"font-size: x-large;\"><strong><span style=\"color: #0a0a0a;\"><em><\/em><\/span><\/strong><\/span><\/p>\n<p><span style=\"font-size: x-large;\"><strong><span style=\"color: #0a0a0a;\"><em><\/em><\/span><\/strong><\/span><\/p>\n<p><span style=\"font-size: x-large;\"><strong><span style=\"color: #0a0a0a;\"><em><\/em><\/span><\/strong><\/span><\/p>\n<p><span style=\"font-size: x-large;\"><strong><span style=\"color: #0a0a0a;\"><em><\/em><\/span><\/strong><\/span><\/p>\n<p><span style=\"font-size: x-large;\"><strong><span style=\"color: #0a0a0a;\"><em>Gelenkschonendes Muskelaufbautraining basierend auf Cavaletti (abgeleitet aus dem Pferdesport)<\/em><\/span><\/strong><\/span><\/p>\n<p>Dabei werden die Hunde gezielt an verschiedene Ger\u00e4te und Hindernisse herangef\u00fchrt, die auch im Hundesport verwendet werden. Hierbei lernen sie sich gezielt auf die Hindernisse zu konzentrieren. Gleichzeitig wird der nat\u00fcrliche Bewegungsablauf gef\u00f6rdert und die Muskeln und Sehnen schonend aufgebaut.<\/p>\n<p><!-- \/wp:post-content --> <!-- wp:paragraph --><\/p>\n<p>Dieses Training ist besonders vor oder nach Operationen geeignet. Ebenso f\u00fcr Hunde mit H\u00fcftproblemen oder anderen Knochenerkrankungen.<\/p>\n<p><!-- \/wp:paragraph --> <!-- wp:paragraph --><\/p>\n<p>In der Anfangsphase beginnt das Training mit leichten \u00dcbungen, die im weiteren Verlauf gesteigert werden. Dadurch werden auch Konzentration und Teamgeist gef\u00f6rdert. Die Hunde lernen ebenfalls die Kontaktzonen richtig zu beachten <br \/>( dies ist besonders beim Agility wichtig ). Wichtig ist es auf den richtigen Abstand und die H\u00f6he der einzelnen Ger\u00e4te zu achten. Geeignet ist dieses Training f\u00fcr alle Rassen, Gr\u00f6\u00dfen, alte, junge und beeintr\u00e4chtigte Hunde. Wichtig ist aber auch das Abstreifen der Gliedma\u00dfen nach dem Training. Dies dienst dazu den Hund wieder zur Ruhe kommen zu lassen.<\/p>\n<p><!-- \/wp:paragraph --><\/p>\n<p><strong><\/strong><\/p>\n<p>&nbsp;<\/p>[\/et_pb_text][\/et_pb_column][et_pb_column type=&#8220;1_4&#8243; _builder_version=&#8220;3.25&#8243; custom_padding=&#8220;|||&#8220; custom_padding__hover=&#8220;|||&#8220;][et_pb_image src=&#8220;http:\/\/sv-uerdingen.de\/wp-content\/uploads\/2025\/10\/IMG-20250920-WA0012.jpg&#8220; _builder_version=&#8220;4.3.2&#8243;][\/et_pb_image][et_pb_image src=&#8220;http:\/\/sv-uerdingen.de\/wp-content\/uploads\/2025\/10\/IMG-20250920-WA0013.jpg&#8220; _builder_version=&#8220;4.3.2&#8243;][\/et_pb_image][\/et_pb_column][\/et_pb_row][et_pb_row column_structure=&#8220;1_5,1_5,1_5,1_5,1_5&#8243; _builder_version=&#8220;4.3.2&#8243;][et_pb_column type=&#8220;1_5&#8243; _builder_version=&#8220;3.25&#8243; custom_padding=&#8220;|||&#8220; custom_padding__hover=&#8220;|||&#8220;][et_pb_text _builder_version=&#8220;4.3.2&#8243; text_font=&#8220;||||||||&#8220; text_text_color=&#8220;#000000&#8243; custom_padding=&#8220;||0px|||&#8220;]<p><strong>Trainingszeiten:<\/strong><br \/> Samstags: 14 &#8211; 17 Uhr<\/p>[\/et_pb_text][\/et_pb_column][et_pb_column type=&#8220;1_5&#8243; _builder_version=&#8220;4.3.2&#8243;][\/et_pb_column][et_pb_column type=&#8220;1_5&#8243; _builder_version=&#8220;3.25&#8243; custom_padding=&#8220;|||&#8220; custom_padding__hover=&#8220;|||&#8220;][et_pb_text _builder_version=&#8220;3.27.4&#8243; text_font=&#8220;||||||||&#8220; text_text_color=&#8220;#000000&#8243;]<p><strong>Trainer:<br \/><\/strong><span style=\"font-size: 14px;\">Christa Koskowski<\/span><\/p>\n<p><strong><\/strong><\/p>[\/et_pb_text][\/et_pb_column][et_pb_column type=&#8220;1_5&#8243; _builder_version=&#8220;3.25&#8243; custom_padding=&#8220;|||&#8220; custom_padding__hover=&#8220;|||&#8220;][\/et_pb_column][et_pb_column type=&#8220;1_5&#8243; _builder_version=&#8220;3.25&#8243; custom_padding=&#8220;|||&#8220; custom_padding__hover=&#8220;|||&#8220;][\/et_pb_column][\/et_pb_row][\/et_pb_section]","protected":false},"excerpt":{"rendered":"<p>[et_pb_section fb_built=&#8220;1&#8243; _builder_version=&#8220;3.22&#8243; background_color=&#8220;#273548&#8243; custom_padding=&#8220;10px||10px&#8220;][et_pb_row _builder_version=&#8220;3.25&#8243;][et_pb_column type=&#8220;4_4&#8243; _builder_version=&#8220;3.25&#8243; custom_padding=&#8220;|||&#8220; custom_padding__hover=&#8220;|||&#8220;][et_pb_text _builder_version=&#8220;3.27.4&#8243; text_font=&#8220;||||||||&#8220; text_text_color=&#8220;#ffffff&#8220; text_font_size=&#8220;32px&#8220; header_font=&#8220;||||||||&#8220; header_text_color=&#8220;#000000&#8243; header_2_font=&#8220;||||||||&#8220; header_2_text_color=&#8220;#FFFFFF&#8220; background_size=&#8220;initial&#8220; background_position=&#8220;top_left&#8220; background_repeat=&#8220;repeat&#8220; text_orientation=&#8220;center&#8220;] Hundesportverein SV OG Uerdingen [\/et_pb_text][\/et_pb_column][\/et_pb_row][\/et_pb_section][et_pb_section fb_built=&#8220;1&#8243; _builder_version=&#8220;3.22&#8243; background_color=&#8220;#cecece&#8220;][et_pb_row column_structure=&#8220;3_4,1_4&#8243; _builder_version=&#8220;4.3.2&#8243; background_size=&#8220;initial&#8220; background_position=&#8220;top_left&#8220; background_repeat=&#8220;repeat&#8220;][et_pb_column type=&#8220;3_4&#8243; _builder_version=&#8220;3.25&#8243; custom_padding=&#8220;|||&#8220; custom_padding__hover=&#8220;|||&#8220;][et_pb_text _builder_version=&#8220;4.3.2&#8243; text_font=&#8220;||||||||&#8220; text_text_color=&#8220;#000000&#8243; link_font=&#8220;||||on||||&#8220; link_text_color=&#8220;#0c71c3&#8243; header_font=&#8220;||||||||&#8220; header_text_align=&#8220;left&#8220; background_size=&#8220;initial&#8220; background_position=&#8220;top_left&#8220; background_repeat=&#8220;repeat&#8220; text_orientation=&#8220;justified&#8220; custom_padding=&#8220;15px|||||&#8220; hover_enabled=&#8220;0&#8243;] Gelenkschonendes Muskelaufbautraining basierend [&hellip;]<\/p>\n","protected":false},"author":2,"featured_media":2878,"parent":0,"menu_order":0,"comment_status":"closed","ping_status":"closed","template":"","meta":{"_et_pb_use_builder":"on","_et_pb_old_content":"","_et_gb_content_width":"","footnotes":""},"class_list":["post-2890","page","type-page","status-publish","has-post-thumbnail","hentry"],"yoast_head":"<!-- This site is optimized with the Yoast SEO plugin v22.1 - https:\/\/yoast.com\/wordpress\/plugins\/seo\/ -->\n<title>Training - Cavaletti - Hundesportverein Krefeld SV OG Uerdingen<\/title>\n<meta name=\"robots\" content=\"index, follow, max-snippet:-1, max-image-preview:large, max-video-preview:-1\" \/>\n<link rel=\"canonical\" href=\"https:\/\/sv-uerdingen.de\/?page_id=2890\" \/>\n<meta property=\"og:locale\" content=\"de_DE\" \/>\n<meta property=\"og:type\" content=\"article\" \/>\n<meta property=\"og:title\" content=\"Training - Cavaletti - Hundesportverein Krefeld SV OG Uerdingen\" \/>\n<meta property=\"og:description\" content=\"[et_pb_section fb_built=&#8220;1&#8243; _builder_version=&#8220;3.22&#8243; background_color=&#8220;#273548&#8243; custom_padding=&#8220;10px||10px&#8220;][et_pb_row _builder_version=&#8220;3.25&#8243;][et_pb_column type=&#8220;4_4&#8243; _builder_version=&#8220;3.25&#8243; custom_padding=&#8220;|||&#8220; custom_padding__hover=&#8220;|||&#8220;][et_pb_text _builder_version=&#8220;3.27.4&#8243; text_font=&#8220;||||||||&#8220; text_text_color=&#8220;#ffffff&#8220; text_font_size=&#8220;32px&#8220; header_font=&#8220;||||||||&#8220; header_text_color=&#8220;#000000&#8243; header_2_font=&#8220;||||||||&#8220; header_2_text_color=&#8220;#FFFFFF&#8220; background_size=&#8220;initial&#8220; background_position=&#8220;top_left&#8220; background_repeat=&#8220;repeat&#8220; text_orientation=&#8220;center&#8220;] Hundesportverein SV OG Uerdingen [\/et_pb_text][\/et_pb_column][\/et_pb_row][\/et_pb_section][et_pb_section fb_built=&#8220;1&#8243; _builder_version=&#8220;3.22&#8243; background_color=&#8220;#cecece&#8220;][et_pb_row column_structure=&#8220;3_4,1_4&#8243; _builder_version=&#8220;4.3.2&#8243; background_size=&#8220;initial&#8220; background_position=&#8220;top_left&#8220; background_repeat=&#8220;repeat&#8220;][et_pb_column type=&#8220;3_4&#8243; _builder_version=&#8220;3.25&#8243; custom_padding=&#8220;|||&#8220; custom_padding__hover=&#8220;|||&#8220;][et_pb_text _builder_version=&#8220;4.3.2&#8243; text_font=&#8220;||||||||&#8220; text_text_color=&#8220;#000000&#8243; link_font=&#8220;||||on||||&#8220; link_text_color=&#8220;#0c71c3&#8243; header_font=&#8220;||||||||&#8220; header_text_align=&#8220;left&#8220; background_size=&#8220;initial&#8220; background_position=&#8220;top_left&#8220; background_repeat=&#8220;repeat&#8220; text_orientation=&#8220;justified&#8220; custom_padding=&#8220;15px|||||&#8220; hover_enabled=&#8220;0&#8243;] Gelenkschonendes Muskelaufbautraining basierend [&hellip;]\" \/>\n<meta property=\"og:url\" content=\"https:\/\/sv-uerdingen.de\/?page_id=2890\" \/>\n<meta property=\"og:site_name\" content=\"Hundesportverein Krefeld SV OG Uerdingen\" \/>\n<meta property=\"article:modified_time\" content=\"2025-10-23T17:45:51+00:00\" \/>\n<meta property=\"og:image\" content=\"https:\/\/sv-uerdingen.de\/wp-content\/uploads\/2025\/10\/facebook_1761063779643_7386436855212326670.jpg\" \/>\n\t<meta property=\"og:image:width\" content=\"864\" \/>\n\t<meta property=\"og:image:height\" content=\"864\" \/>\n\t<meta property=\"og:image:type\" content=\"image\/jpeg\" \/>\n<meta name=\"twitter:card\" content=\"summary_large_image\" \/>\n<meta name=\"twitter:label1\" content=\"Gesch\u00e4tzte Lesezeit\" \/>\n\t<meta name=\"twitter:data1\" content=\"1\u00a0Minute\" \/>\n<script type=\"application\/ld+json\" class=\"yoast-schema-graph\">{\"@context\":\"https:\/\/schema.org\",\"@graph\":[{\"@type\":\"WebPage\",\"@id\":\"https:\/\/sv-uerdingen.de\/?page_id=2890\",\"url\":\"https:\/\/sv-uerdingen.de\/?page_id=2890\",\"name\":\"Training - Cavaletti - Hundesportverein Krefeld SV OG Uerdingen\",\"isPartOf\":{\"@id\":\"https:\/\/sv-uerdingen.de\/#website\"},\"datePublished\":\"2025-10-21T17:39:12+00:00\",\"dateModified\":\"2025-10-23T17:45:51+00:00\",\"breadcrumb\":{\"@id\":\"https:\/\/sv-uerdingen.de\/?page_id=2890#breadcrumb\"},\"inLanguage\":\"de\",\"potentialAction\":[{\"@type\":\"ReadAction\",\"target\":[\"https:\/\/sv-uerdingen.de\/?page_id=2890\"]}]},{\"@type\":\"BreadcrumbList\",\"@id\":\"https:\/\/sv-uerdingen.de\/?page_id=2890#breadcrumb\",\"itemListElement\":[{\"@type\":\"ListItem\",\"position\":1,\"name\":\"Startseite\",\"item\":\"https:\/\/sv-uerdingen.de\/\"},{\"@type\":\"ListItem\",\"position\":2,\"name\":\"Training &#8211; Cavaletti\"}]},{\"@type\":\"WebSite\",\"@id\":\"https:\/\/sv-uerdingen.de\/#website\",\"url\":\"https:\/\/sv-uerdingen.de\/\",\"name\":\"Hundesportverein Krefeld SV OG Uerdingen\",\"description\":\"Hundesportverein Krefeld Ortsgruppe Uerdingen\",\"potentialAction\":[{\"@type\":\"SearchAction\",\"target\":{\"@type\":\"EntryPoint\",\"urlTemplate\":\"https:\/\/sv-uerdingen.de\/?s={search_term_string}\"},\"query-input\":\"required name=search_term_string\"}],\"inLanguage\":\"de\"}]}<\/script>\n<!-- \/ Yoast SEO plugin. -->","yoast_head_json":{"title":"Training - Cavaletti - Hundesportverein Krefeld SV OG Uerdingen","robots":{"index":"index","follow":"follow","max-snippet":"max-snippet:-1","max-image-preview":"max-image-preview:large","max-video-preview":"max-video-preview:-1"},"canonical":"https:\/\/sv-uerdingen.de\/?page_id=2890","og_locale":"de_DE","og_type":"article","og_title":"Training - Cavaletti - Hundesportverein Krefeld SV OG Uerdingen","og_description":"[et_pb_section fb_built=&#8220;1&#8243; _builder_version=&#8220;3.22&#8243; background_color=&#8220;#273548&#8243; custom_padding=&#8220;10px||10px&#8220;][et_pb_row _builder_version=&#8220;3.25&#8243;][et_pb_column type=&#8220;4_4&#8243; _builder_version=&#8220;3.25&#8243; custom_padding=&#8220;|||&#8220; custom_padding__hover=&#8220;|||&#8220;][et_pb_text _builder_version=&#8220;3.27.4&#8243; text_font=&#8220;||||||||&#8220; text_text_color=&#8220;#ffffff&#8220; text_font_size=&#8220;32px&#8220; header_font=&#8220;||||||||&#8220; header_text_color=&#8220;#000000&#8243; header_2_font=&#8220;||||||||&#8220; header_2_text_color=&#8220;#FFFFFF&#8220; background_size=&#8220;initial&#8220; background_position=&#8220;top_left&#8220; background_repeat=&#8220;repeat&#8220; text_orientation=&#8220;center&#8220;] Hundesportverein SV OG Uerdingen [\/et_pb_text][\/et_pb_column][\/et_pb_row][\/et_pb_section][et_pb_section fb_built=&#8220;1&#8243; _builder_version=&#8220;3.22&#8243; background_color=&#8220;#cecece&#8220;][et_pb_row column_structure=&#8220;3_4,1_4&#8243; _builder_version=&#8220;4.3.2&#8243; background_size=&#8220;initial&#8220; background_position=&#8220;top_left&#8220; background_repeat=&#8220;repeat&#8220;][et_pb_column type=&#8220;3_4&#8243; _builder_version=&#8220;3.25&#8243; custom_padding=&#8220;|||&#8220; custom_padding__hover=&#8220;|||&#8220;][et_pb_text _builder_version=&#8220;4.3.2&#8243; text_font=&#8220;||||||||&#8220; text_text_color=&#8220;#000000&#8243; link_font=&#8220;||||on||||&#8220; link_text_color=&#8220;#0c71c3&#8243; header_font=&#8220;||||||||&#8220; header_text_align=&#8220;left&#8220; background_size=&#8220;initial&#8220; background_position=&#8220;top_left&#8220; background_repeat=&#8220;repeat&#8220; text_orientation=&#8220;justified&#8220; custom_padding=&#8220;15px|||||&#8220; hover_enabled=&#8220;0&#8243;] Gelenkschonendes Muskelaufbautraining basierend [&hellip;]","og_url":"https:\/\/sv-uerdingen.de\/?page_id=2890","og_site_name":"Hundesportverein Krefeld SV OG Uerdingen","article_modified_time":"2025-10-23T17:45:51+00:00","og_image":[{"width":864,"height":864,"url":"https:\/\/sv-uerdingen.de\/wp-content\/uploads\/2025\/10\/facebook_1761063779643_7386436855212326670.jpg","type":"image\/jpeg"}],"twitter_card":"summary_large_image","twitter_misc":{"Gesch\u00e4tzte Lesezeit":"1\u00a0Minute"},"schema":{"@context":"https:\/\/schema.org","@graph":[{"@type":"WebPage","@id":"https:\/\/sv-uerdingen.de\/?page_id=2890","url":"https:\/\/sv-uerdingen.de\/?page_id=2890","name":"Training - Cavaletti - Hundesportverein Krefeld SV OG Uerdingen","isPartOf":{"@id":"https:\/\/sv-uerdingen.de\/#website"},"datePublished":"2025-10-21T17:39:12+00:00","dateModified":"2025-10-23T17:45:51+00:00","breadcrumb":{"@id":"https:\/\/sv-uerdingen.de\/?page_id=2890#breadcrumb"},"inLanguage":"de","potentialAction":[{"@type":"ReadAction","target":["https:\/\/sv-uerdingen.de\/?page_id=2890"]}]},{"@type":"BreadcrumbList","@id":"https:\/\/sv-uerdingen.de\/?page_id=2890#breadcrumb","itemListElement":[{"@type":"ListItem","position":1,"name":"Startseite","item":"https:\/\/sv-uerdingen.de\/"},{"@type":"ListItem","position":2,"name":"Training &#8211; Cavaletti"}]},{"@type":"WebSite","@id":"https:\/\/sv-uerdingen.de\/#website","url":"https:\/\/sv-uerdingen.de\/","name":"Hundesportverein Krefeld SV OG Uerdingen","description":"Hundesportverein Krefeld Ortsgruppe Uerdingen","potentialAction":[{"@type":"SearchAction","target":{"@type":"EntryPoint","urlTemplate":"https:\/\/sv-uerdingen.de\/?s={search_term_string}"},"query-input":"required name=search_term_string"}],"inLanguage":"de"}]}},"_links":{"self":[{"href":"https:\/\/sv-uerdingen.de\/index.php?rest_route=\/wp\/v2\/pages\/2890","targetHints":{"allow":["GET"]}}],"collection":[{"href":"https:\/\/sv-uerdingen.de\/index.php?rest_route=\/wp\/v2\/pages"}],"about":[{"href":"https:\/\/sv-uerdingen.de\/index.php?rest_route=\/wp\/v2\/types\/page"}],"author":[{"embeddable":true,"href":"https:\/\/sv-uerdingen.de\/index.php?rest_route=\/wp\/v2\/users\/2"}],"replies":[{"embeddable":true,"href":"https:\/\/sv-uerdingen.de\/index.php?rest_route=%2Fwp%2Fv2%2Fcomments&post=2890"}],"version-history":[{"count":16,"href":"https:\/\/sv-uerdingen.de\/index.php?rest_route=\/wp\/v2\/pages\/2890\/revisions"}],"predecessor-version":[{"id":2959,"href":"https:\/\/sv-uerdingen.de\/index.php?rest_route=\/wp\/v2\/pages\/2890\/revisions\/2959"}],"wp:featuredmedia":[{"embeddable":true,"href":"https:\/\/sv-uerdingen.de\/index.php?rest_route=\/wp\/v2\/media\/2878"}],"wp:attachment":[{"href":"https:\/\/sv-uerdingen.de\/index.php?rest_route=%2Fwp%2Fv2%2Fmedia&parent=2890"}],"curies":[{"name":"wp","href":"https:\/\/api.w.org\/{rel}","templated":true}]}}