{"id":417,"date":"2019-01-07T17:41:39","date_gmt":"2019-01-07T16:41:39","guid":{"rendered":"http:\/\/sv-uerdingen.de\/?page_id=417"},"modified":"2025-05-21T19:01:12","modified_gmt":"2025-05-21T17:01:12","slug":"training-rallye-obedience","status":"publish","type":"page","link":"https:\/\/sv-uerdingen.de\/?page_id=417","title":{"rendered":"Training &#8211; Rally Obedience"},"content":{"rendered":"<p>[et_pb_section fb_built=&#8220;1&#8243; _builder_version=&#8220;3.22&#8243; background_color=&#8220;#273548&#8243; custom_padding=&#8220;10px||10px&#8220;][et_pb_row _builder_version=&#8220;3.25&#8243;][et_pb_column type=&#8220;4_4&#8243; _builder_version=&#8220;3.25&#8243; custom_padding=&#8220;|||&#8220; custom_padding__hover=&#8220;|||&#8220;][et_pb_text _builder_version=&#8220;3.27.4&#8243; text_font=&#8220;||||||||&#8220; text_text_color=&#8220;#ffffff&#8220; text_font_size=&#8220;32px&#8220; header_font=&#8220;||||||||&#8220; header_text_color=&#8220;#000000&#8243; header_2_font=&#8220;||||||||&#8220; header_2_text_color=&#8220;#FFFFFF&#8220; background_size=&#8220;initial&#8220; background_position=&#8220;top_left&#8220; background_repeat=&#8220;repeat&#8220; text_orientation=&#8220;center&#8220; text_font_size_tablet=&#8220;&#8220; text_font_size_phone=&#8220;16px&#8220; text_font_size_last_edited=&#8220;on|phone&#8220;]<\/p>\n<p><strong>Hundesportverein SV OG Uerdingen<\/strong><\/p>\n<p>[\/et_pb_text][\/et_pb_column][\/et_pb_row][\/et_pb_section][et_pb_section fb_built=&#8220;1&#8243; _builder_version=&#8220;3.22&#8243; background_color=&#8220;#cecece&#8220;][et_pb_row column_structure=&#8220;3_4,1_4&#8243; _builder_version=&#8220;3.25&#8243; background_size=&#8220;initial&#8220; background_position=&#8220;top_left&#8220; background_repeat=&#8220;repeat&#8220;][et_pb_column type=&#8220;3_4&#8243; _builder_version=&#8220;3.25&#8243; custom_padding=&#8220;|||&#8220; custom_padding__hover=&#8220;|||&#8220;][et_pb_text _builder_version=&#8220;3.27.4&#8243; text_font=&#8220;||||||||&#8220; text_text_color=&#8220;#000000&#8243; link_font=&#8220;||||on||||&#8220; link_text_color=&#8220;#0c71c3&#8243; header_font=&#8220;||||||||&#8220; header_text_align=&#8220;left&#8220; header_2_font=&#8220;||||||||&#8220; background_size=&#8220;initial&#8220; background_position=&#8220;top_left&#8220; background_repeat=&#8220;repeat&#8220; text_orientation=&#8220;justified&#8220; header_2_font_size_tablet=&#8220;&#8220; header_2_font_size_phone=&#8220;18px&#8220; header_2_font_size_last_edited=&#8220;on|phone&#8220;]<\/p>\n<h2 style=\"text-align: left;\"><strong>Rally Obedience<\/strong><\/h2>\n<p>Der Hundef\u00fchrer durchl\u00e4uft mit seinem Hund einen Parcours, der aus einer bestimmten Anzahl von Schildern besteht. Auf jedem Schild wird die Aufgabe f\u00fcr das Mensch-Hund-Team angegeben und es geht aus ihm hervor, in welcher Richtung es anschlie\u00dfend weitergeht.<br \/>\nDer Hund darf w\u00e4hrend der gesamten Arbeit st\u00e4ndig angesprochen, gelobt und an einigen Stellen auch belohnt werden.<br \/>\nDie Aufgaben bestehen teilweise aus Elementen, die aus dem Gehorsamtraining bekannt sind, wie Sitz, Platz, Steh. Es gibt Richtungs\u00e4nderungen um 90\u00b0, 180\u00b0, 270\u00b0, sowie komplette Drehungen um 360\u00b0 links- oder rechtsherum.<br \/>\nAndere Schilder fordern auf, durch einen Slalom aus Pylonen oder umgedrehten Sieben zu gehen, unter denen gelegentlich Futter oder ein Spielzeug liegen kann, durch das der Hund sich nicht ablenken lassen sollte.<\/p>\n<p>Rally Obedience stellt keine sonderlichen Anforderungen an die Sportlichkeit des Hundef\u00fchrers. Auch \u00e4ltere und leicht behinderte Hunde k\u00f6nnen mitmachen, da deren Einschr\u00e4nkungen bei der Bewertung ber\u00fccksichtigt werden.<\/p>\n<p>Im Rally Obedience gibt es die Klassen Beginner, Klasse 1 \u2013 3 und die Seniorenklasse. Nach Gr\u00f6\u00dfe des Hundes wird dabei nicht unterschieden. Gef\u00fchrt werden darf mit und ohne Leine. Bewertet wird nach Korrektheit der Ausf\u00fchrung und Zeit.<br \/>\nEine Begleithundpr\u00fcfung (BH) als Voraussetzung zur Teilnahme an Wettk\u00e4mpfen ist nicht erforderlich.<\/p>\n<table style=\"border-color: White slategray slategray White; background-color: lightgray;\">\n<tbody>\n<tr>\n<td><strong>Trainingszeiten:<\/strong><\/td>\n<td><strong>Trainer:<\/strong><\/td>\n<\/tr>\n<tr>\n<td>Mittwochs ab 18:00 Uhr<\/td>\n<td>Renate Peterburs, Heidrun Hassel, Karlheinz Wende<\/td>\n<\/tr>\n<tr>\n<td>Samstags 09:30 &#8211; 11:30 Uhr<\/p>\n<p>Samstags 11:30 &#8211; 13:30 Uhr<br \/>\nTraining Klasse 3<\/td>\n<td>Renate Peterburs, Heidrun Hassel, Karlheinz Wende<\/p>\n<p>Achim Wittmar, Anja Polcino<\/td>\n<\/tr>\n<\/tbody>\n<\/table>\n<p>[\/et_pb_text][\/et_pb_column][et_pb_column type=&#8220;1_4&#8243; _builder_version=&#8220;3.25&#8243; custom_padding=&#8220;|||&#8220; custom_padding__hover=&#8220;|||&#8220;][et_pb_image src=&#8220;http:\/\/sv-uerdingen.de\/wp-content\/uploads\/2019\/01\/IMG_4576-e1546871004743.jpg&#8220; align=&#8220;center&#8220; align_tablet=&#8220;center&#8220; align_phone=&#8220;&#8220; align_last_edited=&#8220;on|desktop&#8220; _builder_version=&#8220;3.23&#8243; max_width=&#8220;80%&#8220; module_alignment=&#8220;center&#8220; custom_margin=&#8220;27%||&#8220; custom_padding=&#8220;||&#8220; border_radii=&#8220;on|12px|12px|12px|12px&#8220;][\/et_pb_image][et_pb_image src=&#8220;http:\/\/sv-uerdingen.de\/wp-content\/uploads\/2019\/01\/IMG_4682-e1546871172298.jpg&#8220; align_tablet=&#8220;center&#8220; align_phone=&#8220;&#8220; align_last_edited=&#8220;on|desktop&#8220; _builder_version=&#8220;3.23&#8243; max_width=&#8220;80%&#8220; module_alignment=&#8220;center&#8220; custom_margin=&#8220;0px||&#8220; border_radii=&#8220;on|12px|12px|12px|12px&#8220; border_color_all=&#8220;#000000&#8243;][\/et_pb_image][\/et_pb_column][\/et_pb_row][\/et_pb_section]<\/p>\n","protected":false},"excerpt":{"rendered":"<p>[et_pb_section fb_built=&#8220;1&#8243; _builder_version=&#8220;3.22&#8243; background_color=&#8220;#273548&#8243; custom_padding=&#8220;10px||10px&#8220;][et_pb_row _builder_version=&#8220;3.25&#8243;][et_pb_column type=&#8220;4_4&#8243; _builder_version=&#8220;3.25&#8243; custom_padding=&#8220;|||&#8220; custom_padding__hover=&#8220;|||&#8220;][et_pb_text _builder_version=&#8220;3.27.4&#8243; text_font=&#8220;||||||||&#8220; text_text_color=&#8220;#ffffff&#8220; text_font_size=&#8220;32px&#8220; header_font=&#8220;||||||||&#8220; header_text_color=&#8220;#000000&#8243; header_2_font=&#8220;||||||||&#8220; header_2_text_color=&#8220;#FFFFFF&#8220; background_size=&#8220;initial&#8220; background_position=&#8220;top_left&#8220; background_repeat=&#8220;repeat&#8220; text_orientation=&#8220;center&#8220; text_font_size_tablet=&#8220;&#8220; text_font_size_phone=&#8220;16px&#8220; text_font_size_last_edited=&#8220;on|phone&#8220;] Hundesportverein SV OG Uerdingen [\/et_pb_text][\/et_pb_column][\/et_pb_row][\/et_pb_section][et_pb_section fb_built=&#8220;1&#8243; _builder_version=&#8220;3.22&#8243; background_color=&#8220;#cecece&#8220;][et_pb_row column_structure=&#8220;3_4,1_4&#8243; _builder_version=&#8220;3.25&#8243; background_size=&#8220;initial&#8220; background_position=&#8220;top_left&#8220; background_repeat=&#8220;repeat&#8220;][et_pb_column type=&#8220;3_4&#8243; _builder_version=&#8220;3.25&#8243; custom_padding=&#8220;|||&#8220; custom_padding__hover=&#8220;|||&#8220;][et_pb_text _builder_version=&#8220;3.27.4&#8243; text_font=&#8220;||||||||&#8220; text_text_color=&#8220;#000000&#8243; link_font=&#8220;||||on||||&#8220; link_text_color=&#8220;#0c71c3&#8243; header_font=&#8220;||||||||&#8220; header_text_align=&#8220;left&#8220; header_2_font=&#8220;||||||||&#8220; background_size=&#8220;initial&#8220; background_position=&#8220;top_left&#8220; background_repeat=&#8220;repeat&#8220; text_orientation=&#8220;justified&#8220; header_2_font_size_tablet=&#8220;&#8220; [&hellip;]<\/p>\n","protected":false},"author":2,"featured_media":0,"parent":0,"menu_order":53,"comment_status":"closed","ping_status":"closed","template":"","meta":{"_et_pb_use_builder":"on","_et_pb_old_content":"","_et_gb_content_width":"","footnotes":""},"class_list":["post-417","page","type-page","status-publish","hentry"],"yoast_head":"<!-- This site is optimized with the Yoast SEO plugin v22.1 - https:\/\/yoast.com\/wordpress\/plugins\/seo\/ -->\n<title>Training - Rally Obedience - Hundesportverein Krefeld SV OG Uerdingen<\/title>\n<meta name=\"description\" content=\"Hundesport Krefeld SV Uerdingen - Rally Obedience\" \/>\n<meta name=\"robots\" content=\"index, follow, max-snippet:-1, max-image-preview:large, max-video-preview:-1\" \/>\n<link rel=\"canonical\" href=\"https:\/\/sv-uerdingen.de\/?page_id=417\" \/>\n<meta property=\"og:locale\" content=\"de_DE\" \/>\n<meta property=\"og:type\" content=\"article\" \/>\n<meta property=\"og:title\" content=\"Training - Rally Obedience - Hundesportverein Krefeld SV OG Uerdingen\" \/>\n<meta property=\"og:description\" content=\"Hundesport Krefeld SV Uerdingen - Rally Obedience\" \/>\n<meta property=\"og:url\" content=\"https:\/\/sv-uerdingen.de\/?page_id=417\" \/>\n<meta property=\"og:site_name\" content=\"Hundesportverein Krefeld SV OG Uerdingen\" \/>\n<meta property=\"article:modified_time\" content=\"2025-05-21T17:01:12+00:00\" \/>\n<meta name=\"twitter:card\" content=\"summary_large_image\" \/>\n<meta name=\"twitter:label1\" content=\"Gesch\u00e4tzte Lesezeit\" \/>\n\t<meta name=\"twitter:data1\" content=\"2\u00a0Minuten\" \/>\n<script type=\"application\/ld+json\" class=\"yoast-schema-graph\">{\"@context\":\"https:\/\/schema.org\",\"@graph\":[{\"@type\":\"WebPage\",\"@id\":\"https:\/\/sv-uerdingen.de\/?page_id=417\",\"url\":\"https:\/\/sv-uerdingen.de\/?page_id=417\",\"name\":\"Training - Rally Obedience - Hundesportverein Krefeld SV OG Uerdingen\",\"isPartOf\":{\"@id\":\"http:\/\/sv-uerdingen.de\/#website\"},\"datePublished\":\"2019-01-07T16:41:39+00:00\",\"dateModified\":\"2025-05-21T17:01:12+00:00\",\"description\":\"Hundesport Krefeld SV Uerdingen - Rally Obedience\",\"breadcrumb\":{\"@id\":\"https:\/\/sv-uerdingen.de\/?page_id=417#breadcrumb\"},\"inLanguage\":\"de\",\"potentialAction\":[{\"@type\":\"ReadAction\",\"target\":[\"https:\/\/sv-uerdingen.de\/?page_id=417\"]}]},{\"@type\":\"BreadcrumbList\",\"@id\":\"https:\/\/sv-uerdingen.de\/?page_id=417#breadcrumb\",\"itemListElement\":[{\"@type\":\"ListItem\",\"position\":1,\"name\":\"Startseite\",\"item\":\"http:\/\/sv-uerdingen.de\/\"},{\"@type\":\"ListItem\",\"position\":2,\"name\":\"Training &#8211; Rally Obedience\"}]},{\"@type\":\"WebSite\",\"@id\":\"http:\/\/sv-uerdingen.de\/#website\",\"url\":\"http:\/\/sv-uerdingen.de\/\",\"name\":\"Hundesportverein Krefeld SV OG Uerdingen\",\"description\":\"Hundesportverein Krefeld Ortsgruppe Uerdingen\",\"potentialAction\":[{\"@type\":\"SearchAction\",\"target\":{\"@type\":\"EntryPoint\",\"urlTemplate\":\"http:\/\/sv-uerdingen.de\/?s={search_term_string}\"},\"query-input\":\"required name=search_term_string\"}],\"inLanguage\":\"de\"}]}<\/script>\n<!-- \/ Yoast SEO plugin. -->","yoast_head_json":{"title":"Training - Rally Obedience - Hundesportverein Krefeld SV OG Uerdingen","description":"Hundesport Krefeld SV Uerdingen - Rally Obedience","robots":{"index":"index","follow":"follow","max-snippet":"max-snippet:-1","max-image-preview":"max-image-preview:large","max-video-preview":"max-video-preview:-1"},"canonical":"https:\/\/sv-uerdingen.de\/?page_id=417","og_locale":"de_DE","og_type":"article","og_title":"Training - Rally Obedience - Hundesportverein Krefeld SV OG Uerdingen","og_description":"Hundesport Krefeld SV Uerdingen - Rally Obedience","og_url":"https:\/\/sv-uerdingen.de\/?page_id=417","og_site_name":"Hundesportverein Krefeld SV OG Uerdingen","article_modified_time":"2025-05-21T17:01:12+00:00","twitter_card":"summary_large_image","twitter_misc":{"Gesch\u00e4tzte Lesezeit":"2\u00a0Minuten"},"schema":{"@context":"https:\/\/schema.org","@graph":[{"@type":"WebPage","@id":"https:\/\/sv-uerdingen.de\/?page_id=417","url":"https:\/\/sv-uerdingen.de\/?page_id=417","name":"Training - Rally Obedience - Hundesportverein Krefeld SV OG Uerdingen","isPartOf":{"@id":"http:\/\/sv-uerdingen.de\/#website"},"datePublished":"2019-01-07T16:41:39+00:00","dateModified":"2025-05-21T17:01:12+00:00","description":"Hundesport Krefeld SV Uerdingen - Rally Obedience","breadcrumb":{"@id":"https:\/\/sv-uerdingen.de\/?page_id=417#breadcrumb"},"inLanguage":"de","potentialAction":[{"@type":"ReadAction","target":["https:\/\/sv-uerdingen.de\/?page_id=417"]}]},{"@type":"BreadcrumbList","@id":"https:\/\/sv-uerdingen.de\/?page_id=417#breadcrumb","itemListElement":[{"@type":"ListItem","position":1,"name":"Startseite","item":"http:\/\/sv-uerdingen.de\/"},{"@type":"ListItem","position":2,"name":"Training &#8211; Rally Obedience"}]},{"@type":"WebSite","@id":"http:\/\/sv-uerdingen.de\/#website","url":"http:\/\/sv-uerdingen.de\/","name":"Hundesportverein Krefeld SV OG Uerdingen","description":"Hundesportverein Krefeld Ortsgruppe Uerdingen","potentialAction":[{"@type":"SearchAction","target":{"@type":"EntryPoint","urlTemplate":"http:\/\/sv-uerdingen.de\/?s={search_term_string}"},"query-input":"required name=search_term_string"}],"inLanguage":"de"}]}},"_links":{"self":[{"href":"https:\/\/sv-uerdingen.de\/index.php?rest_route=\/wp\/v2\/pages\/417","targetHints":{"allow":["GET"]}}],"collection":[{"href":"https:\/\/sv-uerdingen.de\/index.php?rest_route=\/wp\/v2\/pages"}],"about":[{"href":"https:\/\/sv-uerdingen.de\/index.php?rest_route=\/wp\/v2\/types\/page"}],"author":[{"embeddable":true,"href":"https:\/\/sv-uerdingen.de\/index.php?rest_route=\/wp\/v2\/users\/2"}],"replies":[{"embeddable":true,"href":"https:\/\/sv-uerdingen.de\/index.php?rest_route=%2Fwp%2Fv2%2Fcomments&post=417"}],"version-history":[{"count":16,"href":"https:\/\/sv-uerdingen.de\/index.php?rest_route=\/wp\/v2\/pages\/417\/revisions"}],"predecessor-version":[{"id":2733,"href":"https:\/\/sv-uerdingen.de\/index.php?rest_route=\/wp\/v2\/pages\/417\/revisions\/2733"}],"wp:attachment":[{"href":"https:\/\/sv-uerdingen.de\/index.php?rest_route=%2Fwp%2Fv2%2Fmedia&parent=417"}],"curies":[{"name":"wp","href":"https:\/\/api.w.org\/{rel}","templated":true}]}}