{"id":442,"date":"2019-01-07T18:24:00","date_gmt":"2019-01-07T17:24:00","guid":{"rendered":"http:\/\/sv-uerdingen.de\/?page_id=442"},"modified":"2025-07-15T19:29:12","modified_gmt":"2025-07-15T17:29:12","slug":"training-agility","status":"publish","type":"page","link":"https:\/\/sv-uerdingen.de\/?page_id=442","title":{"rendered":"Training &#8211; Agility"},"content":{"rendered":"<p>[et_pb_section fb_built=&#8220;1&#8243; _builder_version=&#8220;3.22&#8243; background_color=&#8220;#273548&#8243; custom_padding=&#8220;10px||10px&#8220;][et_pb_row _builder_version=&#8220;3.25&#8243;][et_pb_column type=&#8220;4_4&#8243; _builder_version=&#8220;3.25&#8243; custom_padding=&#8220;|||&#8220; custom_padding__hover=&#8220;|||&#8220;][et_pb_text _builder_version=&#8220;3.27.4&#8243; text_font=&#8220;||||||||&#8220; text_text_color=&#8220;#ffffff&#8220; text_font_size=&#8220;32px&#8220; header_font=&#8220;||||||||&#8220; header_text_color=&#8220;#000000&#8243; header_2_font=&#8220;||||||||&#8220; header_2_text_color=&#8220;#FFFFFF&#8220; background_size=&#8220;initial&#8220; background_position=&#8220;top_left&#8220; background_repeat=&#8220;repeat&#8220; text_orientation=&#8220;center&#8220; text_font_size_tablet=&#8220;&#8220; text_font_size_phone=&#8220;16px&#8220; text_font_size_last_edited=&#8220;on|phone&#8220;]<strong>Hundesportverein SV OG Uerdingen<\/strong>[\/et_pb_text][\/et_pb_column][\/et_pb_row][\/et_pb_section][et_pb_section fb_built=&#8220;1&#8243; _builder_version=&#8220;3.22&#8243; background_color=&#8220;#cecece&#8220;][et_pb_row column_structure=&#8220;3_4,1_4&#8243; _builder_version=&#8220;3.25&#8243; background_size=&#8220;initial&#8220; background_position=&#8220;top_left&#8220; background_repeat=&#8220;repeat&#8220;][et_pb_column type=&#8220;3_4&#8243; _builder_version=&#8220;3.25&#8243; custom_padding=&#8220;|||&#8220; custom_padding__hover=&#8220;|||&#8220;][et_pb_text _builder_version=&#8220;4.3.2&#8243; text_font=&#8220;||||||||&#8220; text_text_color=&#8220;#000000&#8243; link_font=&#8220;||||on||||&#8220; link_text_color=&#8220;#0c71c3&#8243; header_font=&#8220;||||||||&#8220; header_text_align=&#8220;left&#8220; header_2_font=&#8220;||||||||&#8220; background_size=&#8220;initial&#8220; background_position=&#8220;top_left&#8220; background_repeat=&#8220;repeat&#8220; text_orientation=&#8220;justified&#8220; header_2_font_size_tablet=&#8220;&#8220; header_2_font_size_phone=&#8220;18px&#8220; header_2_font_size_last_edited=&#8220;on|phone&#8220;]<\/p>\n<h2 style=\"text-align: left;\"><strong>\/Agility<\/strong><\/h2>\n<p>Ein Agility-Parcours wird aus unterschiedlichen Hindernissen zusammengestellt, wie z.B. H\u00fcrden, Tunnel, Weitsprung, Slalom, Kontaktzonenger\u00e4te (Br\u00fccke, Wippe, Wand), und muss in einer vorgegebenen Reihenfolge abgearbeitet werden.<br \/> Da die Hunde ohne Halsband und Leine laufen, ist ein gewisser Grundgehorsam und eine Sozialvertr\u00e4glichkeit wesentliche Voraussetzung.<br \/> Der Hund wird nur durch verbale Kommandos und K\u00f6rpersprache des Hundef\u00fchrers durch den Parcours gef\u00fchrt. Die vorgegebene Reihenfolge ist dabei bindend. Ber\u00fchrungen der Ger\u00e4te oder des Hundes durch den Hundef\u00fchrer sind nicht erlaubt.<br \/> Bei Turnieren kommt es darauf an, den Parcour ohne Fehler in k\u00fcrzester Zeit zu durchlaufen.<\/p>\n<p>In den vier Leistungsklassen (A0 bis A3) gibt es jeweils vier Gr\u00f6\u00dfenklassen (Small, Medium, Intermediate und Large), die nach R\u00fcckenh\u00f6he der Hunde eingeteilt sind. Ab sechs Jahren d\u00fcrfen die Hunde auch in einer Seniorenklasse starten, in der die physischen Belastungen herabgesetzt sind.<\/p>\n<p>Beim Training ist es selbstverst\u00e4ndlich, dass jeder Teilnehmer den Parcour mit auf- oder abbaut.<\/p>\n<table style=\"border-color: White slategray slategray White; background-color: lightgray;\">\n<tbody>\n<tr>\n<td><strong>Trainingszeiten:<\/strong><\/td>\n<td><strong>Trainer:<\/strong><\/td>\n<\/tr>\n<tr>\n<td>Dienstags ab 15 Uhr<\/td>\n<td>Karlheinz Wende, Heidrun Hassel, Waldemar Werman, Diana Sch\u00fctz<\/td>\n<\/tr>\n<tr>\n<td>Donnerstags ab 16 Uhr<\/td>\n<td>nur nach Absprache<\/td>\n<\/tr>\n<tr>\n<td><\/td>\n<td><\/td>\n<\/tr>\n<\/tbody>\n<\/table>\n<p>[\/et_pb_text][\/et_pb_column][et_pb_column type=&#8220;1_4&#8243; _builder_version=&#8220;3.25&#8243; custom_padding=&#8220;|||&#8220; custom_padding__hover=&#8220;|||&#8220;][et_pb_image src=&#8220;http:\/\/sv-uerdingen.de\/wp-content\/uploads\/2019\/01\/IMG_2240.jpg&#8220; align=&#8220;center&#8220; align_tablet=&#8220;center&#8220; align_phone=&#8220;&#8220; align_last_edited=&#8220;on|desktop&#8220; _builder_version=&#8220;3.23&#8243; max_width=&#8220;80%&#8220; module_alignment=&#8220;center&#8220; custom_margin=&#8220;10%||&#8220; custom_padding=&#8220;||&#8220; border_radii=&#8220;on|12px|12px|12px|12px&#8220;][\/et_pb_image][et_pb_image src=&#8220;http:\/\/sv-uerdingen.de\/wp-content\/uploads\/2019\/01\/IMG_9274.jpg&#8220; align_tablet=&#8220;center&#8220; align_phone=&#8220;&#8220; align_last_edited=&#8220;on|desktop&#8220; _builder_version=&#8220;3.23&#8243; max_width=&#8220;80%&#8220; module_alignment=&#8220;center&#8220; custom_margin=&#8220;0px||&#8220; border_radii=&#8220;on|12px|12px|12px|12px&#8220; border_color_all=&#8220;#000000&#8243;][\/et_pb_image][et_pb_image src=&#8220;http:\/\/sv-uerdingen.de\/wp-content\/uploads\/2019\/01\/IMG_4475-e1546882011427.jpg&#8220; align_tablet=&#8220;center&#8220; align_phone=&#8220;&#8220; align_last_edited=&#8220;on|desktop&#8220; _builder_version=&#8220;3.23&#8243; max_width=&#8220;80%&#8220; module_alignment=&#8220;center&#8220; custom_margin=&#8220;0px||&#8220; border_radii=&#8220;on|12px|12px|12px|12px&#8220; border_color_all=&#8220;#000000&#8243;][\/et_pb_image][\/et_pb_column][\/et_pb_row][\/et_pb_section]<\/p>\n","protected":false},"excerpt":{"rendered":"<p>[et_pb_section fb_built=&#8220;1&#8243; _builder_version=&#8220;3.22&#8243; background_color=&#8220;#273548&#8243; custom_padding=&#8220;10px||10px&#8220;][et_pb_row _builder_version=&#8220;3.25&#8243;][et_pb_column type=&#8220;4_4&#8243; _builder_version=&#8220;3.25&#8243; custom_padding=&#8220;|||&#8220; custom_padding__hover=&#8220;|||&#8220;][et_pb_text _builder_version=&#8220;3.27.4&#8243; text_font=&#8220;||||||||&#8220; text_text_color=&#8220;#ffffff&#8220; text_font_size=&#8220;32px&#8220; header_font=&#8220;||||||||&#8220; header_text_color=&#8220;#000000&#8243; header_2_font=&#8220;||||||||&#8220; header_2_text_color=&#8220;#FFFFFF&#8220; background_size=&#8220;initial&#8220; background_position=&#8220;top_left&#8220; background_repeat=&#8220;repeat&#8220; text_orientation=&#8220;center&#8220; text_font_size_tablet=&#8220;&#8220; text_font_size_phone=&#8220;16px&#8220; text_font_size_last_edited=&#8220;on|phone&#8220;]Hundesportverein SV OG Uerdingen[\/et_pb_text][\/et_pb_column][\/et_pb_row][\/et_pb_section][et_pb_section fb_built=&#8220;1&#8243; _builder_version=&#8220;3.22&#8243; background_color=&#8220;#cecece&#8220;][et_pb_row column_structure=&#8220;3_4,1_4&#8243; _builder_version=&#8220;3.25&#8243; background_size=&#8220;initial&#8220; background_position=&#8220;top_left&#8220; background_repeat=&#8220;repeat&#8220;][et_pb_column type=&#8220;3_4&#8243; _builder_version=&#8220;3.25&#8243; custom_padding=&#8220;|||&#8220; custom_padding__hover=&#8220;|||&#8220;][et_pb_text _builder_version=&#8220;4.3.2&#8243; text_font=&#8220;||||||||&#8220; text_text_color=&#8220;#000000&#8243; link_font=&#8220;||||on||||&#8220; link_text_color=&#8220;#0c71c3&#8243; header_font=&#8220;||||||||&#8220; header_text_align=&#8220;left&#8220; header_2_font=&#8220;||||||||&#8220; background_size=&#8220;initial&#8220; background_position=&#8220;top_left&#8220; background_repeat=&#8220;repeat&#8220; text_orientation=&#8220;justified&#8220; header_2_font_size_tablet=&#8220;&#8220; header_2_font_size_phone=&#8220;18px&#8220; header_2_font_size_last_edited=&#8220;on|phone&#8220;] [&hellip;]<\/p>\n","protected":false},"author":2,"featured_media":0,"parent":0,"menu_order":54,"comment_status":"closed","ping_status":"closed","template":"","meta":{"_et_pb_use_builder":"on","_et_pb_old_content":"","_et_gb_content_width":"","footnotes":""},"class_list":["post-442","page","type-page","status-publish","hentry"],"yoast_head":"<!-- This site is optimized with the Yoast SEO plugin v22.1 - https:\/\/yoast.com\/wordpress\/plugins\/seo\/ -->\n<title>Training - Agility - Hundesportverein Krefeld SV OG Uerdingen<\/title>\n<meta name=\"description\" content=\"Hundesport Krefeld SV Uerdingen - Agility\" \/>\n<meta name=\"robots\" content=\"index, follow, max-snippet:-1, max-image-preview:large, max-video-preview:-1\" \/>\n<link rel=\"canonical\" href=\"https:\/\/sv-uerdingen.de\/?page_id=442\" \/>\n<meta property=\"og:locale\" content=\"de_DE\" \/>\n<meta property=\"og:type\" content=\"article\" \/>\n<meta property=\"og:title\" content=\"Training - Agility - Hundesportverein Krefeld SV OG Uerdingen\" \/>\n<meta property=\"og:description\" content=\"Hundesport Krefeld SV Uerdingen - Agility\" \/>\n<meta property=\"og:url\" content=\"https:\/\/sv-uerdingen.de\/?page_id=442\" \/>\n<meta property=\"og:site_name\" content=\"Hundesportverein Krefeld SV OG Uerdingen\" \/>\n<meta property=\"article:modified_time\" content=\"2025-07-15T17:29:12+00:00\" \/>\n<meta name=\"twitter:card\" content=\"summary_large_image\" \/>\n<meta name=\"twitter:label1\" content=\"Gesch\u00e4tzte Lesezeit\" \/>\n\t<meta name=\"twitter:data1\" content=\"2\u00a0Minuten\" \/>\n<script type=\"application\/ld+json\" class=\"yoast-schema-graph\">{\"@context\":\"https:\/\/schema.org\",\"@graph\":[{\"@type\":\"WebPage\",\"@id\":\"https:\/\/sv-uerdingen.de\/?page_id=442\",\"url\":\"https:\/\/sv-uerdingen.de\/?page_id=442\",\"name\":\"Training - Agility - Hundesportverein Krefeld SV OG Uerdingen\",\"isPartOf\":{\"@id\":\"https:\/\/sv-uerdingen.de\/#website\"},\"datePublished\":\"2019-01-07T17:24:00+00:00\",\"dateModified\":\"2025-07-15T17:29:12+00:00\",\"description\":\"Hundesport Krefeld SV Uerdingen - Agility\",\"breadcrumb\":{\"@id\":\"https:\/\/sv-uerdingen.de\/?page_id=442#breadcrumb\"},\"inLanguage\":\"de\",\"potentialAction\":[{\"@type\":\"ReadAction\",\"target\":[\"https:\/\/sv-uerdingen.de\/?page_id=442\"]}]},{\"@type\":\"BreadcrumbList\",\"@id\":\"https:\/\/sv-uerdingen.de\/?page_id=442#breadcrumb\",\"itemListElement\":[{\"@type\":\"ListItem\",\"position\":1,\"name\":\"Startseite\",\"item\":\"https:\/\/sv-uerdingen.de\/\"},{\"@type\":\"ListItem\",\"position\":2,\"name\":\"Training &#8211; Agility\"}]},{\"@type\":\"WebSite\",\"@id\":\"https:\/\/sv-uerdingen.de\/#website\",\"url\":\"https:\/\/sv-uerdingen.de\/\",\"name\":\"Hundesportverein Krefeld SV OG Uerdingen\",\"description\":\"Hundesportverein Krefeld Ortsgruppe Uerdingen\",\"potentialAction\":[{\"@type\":\"SearchAction\",\"target\":{\"@type\":\"EntryPoint\",\"urlTemplate\":\"https:\/\/sv-uerdingen.de\/?s={search_term_string}\"},\"query-input\":\"required name=search_term_string\"}],\"inLanguage\":\"de\"}]}<\/script>\n<!-- \/ Yoast SEO plugin. -->","yoast_head_json":{"title":"Training - Agility - Hundesportverein Krefeld SV OG Uerdingen","description":"Hundesport Krefeld SV Uerdingen - Agility","robots":{"index":"index","follow":"follow","max-snippet":"max-snippet:-1","max-image-preview":"max-image-preview:large","max-video-preview":"max-video-preview:-1"},"canonical":"https:\/\/sv-uerdingen.de\/?page_id=442","og_locale":"de_DE","og_type":"article","og_title":"Training - Agility - Hundesportverein Krefeld SV OG Uerdingen","og_description":"Hundesport Krefeld SV Uerdingen - Agility","og_url":"https:\/\/sv-uerdingen.de\/?page_id=442","og_site_name":"Hundesportverein Krefeld SV OG Uerdingen","article_modified_time":"2025-07-15T17:29:12+00:00","twitter_card":"summary_large_image","twitter_misc":{"Gesch\u00e4tzte Lesezeit":"2\u00a0Minuten"},"schema":{"@context":"https:\/\/schema.org","@graph":[{"@type":"WebPage","@id":"https:\/\/sv-uerdingen.de\/?page_id=442","url":"https:\/\/sv-uerdingen.de\/?page_id=442","name":"Training - Agility - Hundesportverein Krefeld SV OG Uerdingen","isPartOf":{"@id":"https:\/\/sv-uerdingen.de\/#website"},"datePublished":"2019-01-07T17:24:00+00:00","dateModified":"2025-07-15T17:29:12+00:00","description":"Hundesport Krefeld SV Uerdingen - Agility","breadcrumb":{"@id":"https:\/\/sv-uerdingen.de\/?page_id=442#breadcrumb"},"inLanguage":"de","potentialAction":[{"@type":"ReadAction","target":["https:\/\/sv-uerdingen.de\/?page_id=442"]}]},{"@type":"BreadcrumbList","@id":"https:\/\/sv-uerdingen.de\/?page_id=442#breadcrumb","itemListElement":[{"@type":"ListItem","position":1,"name":"Startseite","item":"https:\/\/sv-uerdingen.de\/"},{"@type":"ListItem","position":2,"name":"Training &#8211; Agility"}]},{"@type":"WebSite","@id":"https:\/\/sv-uerdingen.de\/#website","url":"https:\/\/sv-uerdingen.de\/","name":"Hundesportverein Krefeld SV OG Uerdingen","description":"Hundesportverein Krefeld Ortsgruppe Uerdingen","potentialAction":[{"@type":"SearchAction","target":{"@type":"EntryPoint","urlTemplate":"https:\/\/sv-uerdingen.de\/?s={search_term_string}"},"query-input":"required name=search_term_string"}],"inLanguage":"de"}]}},"_links":{"self":[{"href":"https:\/\/sv-uerdingen.de\/index.php?rest_route=\/wp\/v2\/pages\/442","targetHints":{"allow":["GET"]}}],"collection":[{"href":"https:\/\/sv-uerdingen.de\/index.php?rest_route=\/wp\/v2\/pages"}],"about":[{"href":"https:\/\/sv-uerdingen.de\/index.php?rest_route=\/wp\/v2\/types\/page"}],"author":[{"embeddable":true,"href":"https:\/\/sv-uerdingen.de\/index.php?rest_route=\/wp\/v2\/users\/2"}],"replies":[{"embeddable":true,"href":"https:\/\/sv-uerdingen.de\/index.php?rest_route=%2Fwp%2Fv2%2Fcomments&post=442"}],"version-history":[{"count":26,"href":"https:\/\/sv-uerdingen.de\/index.php?rest_route=\/wp\/v2\/pages\/442\/revisions"}],"predecessor-version":[{"id":2777,"href":"https:\/\/sv-uerdingen.de\/index.php?rest_route=\/wp\/v2\/pages\/442\/revisions\/2777"}],"wp:attachment":[{"href":"https:\/\/sv-uerdingen.de\/index.php?rest_route=%2Fwp%2Fv2%2Fmedia&parent=442"}],"curies":[{"name":"wp","href":"https:\/\/api.w.org\/{rel}","templated":true}]}}