{"id":475,"date":"2019-01-10T12:38:58","date_gmt":"2019-01-10T11:38:58","guid":{"rendered":"http:\/\/sv-uerdingen.de\/?page_id=475"},"modified":"2023-01-09T09:51:10","modified_gmt":"2023-01-09T08:51:10","slug":"training-faehrten","status":"publish","type":"page","link":"https:\/\/sv-uerdingen.de\/?page_id=475","title":{"rendered":"Training &#8211; F\u00e4hrten"},"content":{"rendered":"<p>[et_pb_section fb_built=&#8220;1&#8243; _builder_version=&#8220;3.22&#8243; background_color=&#8220;#273548&#8243; custom_padding=&#8220;10px||10px&#8220;][et_pb_row _builder_version=&#8220;3.25&#8243;][et_pb_column type=&#8220;4_4&#8243; _builder_version=&#8220;3.25&#8243; custom_padding=&#8220;|||&#8220; custom_padding__hover=&#8220;|||&#8220;][et_pb_text _builder_version=&#8220;3.27.4&#8243; text_font=&#8220;||||||||&#8220; text_text_color=&#8220;#ffffff&#8220; text_font_size=&#8220;32px&#8220; header_font=&#8220;||||||||&#8220; header_text_color=&#8220;#000000&#8243; header_2_font=&#8220;||||||||&#8220; header_2_text_color=&#8220;#FFFFFF&#8220; background_size=&#8220;initial&#8220; background_position=&#8220;top_left&#8220; background_repeat=&#8220;repeat&#8220; text_orientation=&#8220;center&#8220; text_font_size_tablet=&#8220;&#8220; text_font_size_phone=&#8220;16px&#8220; text_font_size_last_edited=&#8220;on|phone&#8220;]<\/p>\n<p><strong>Hundesportverein SV OG Uerdingen<\/strong><\/p>\n<p>[\/et_pb_text][\/et_pb_column][\/et_pb_row][\/et_pb_section][et_pb_section fb_built=&#8220;1&#8243; _builder_version=&#8220;3.22&#8243; background_color=&#8220;#cecece&#8220;][et_pb_row _builder_version=&#8220;3.25&#8243; background_size=&#8220;initial&#8220; background_position=&#8220;top_left&#8220; background_repeat=&#8220;repeat&#8220;][et_pb_column type=&#8220;4_4&#8243; _builder_version=&#8220;3.25&#8243; custom_padding=&#8220;|||&#8220; custom_padding__hover=&#8220;|||&#8220;][et_pb_text _builder_version=&#8220;4.3.2&#8243; text_font=&#8220;||||||||&#8220; text_text_color=&#8220;#000000&#8243; link_font=&#8220;||||on||||&#8220; link_text_color=&#8220;#0c71c3&#8243; header_font=&#8220;||||||||&#8220; header_text_align=&#8220;left&#8220; header_2_font=&#8220;||||||||&#8220; background_size=&#8220;initial&#8220; background_position=&#8220;top_left&#8220; background_repeat=&#8220;repeat&#8220; text_orientation=&#8220;justified&#8220; header_2_font_size_tablet=&#8220;&#8220; header_2_font_size_phone=&#8220;18px&#8220; header_2_font_size_last_edited=&#8220;on|phone&#8220;]<\/p>\n<h2><strong>F\u00e4hrten<\/strong><\/h2>\n<p><strong><\/strong><br \/>Sonntagmorgen, fr\u00fch aufstehen, zu Fu\u00df kreuz und quer durchs Gel\u00e4nde, Regen, Dreck, sengende Sonne, Schnee, das ist der Alltag des F\u00e4hrtensports. Und das soll Spa\u00df machen?<br \/>Wohl kaum jemand, der nicht schon einmal einen Film gesehen hat, in dem Kommissar Rex oder Lassie schn\u00fcffelnd der F\u00e4hrte eines fl\u00fcchtigen Verbrechers oder eines vermissten Menschen folgte. Die gute Nachricht: Das kann Ihr Hund auch.<\/p>\n<p>Die F\u00e4hrtensuche kommt dem Naturell eines Hundes am n\u00e4chsten. Warum soll man das beim Hund am besten entwickelte Organ, den Geruchssinn, nicht nutzen? Es fordert ihn vor allem geistig und lastet ihn k\u00f6rperlich aus. Zur F\u00e4hrtensuche eignet sich fast jeder Hund, Junghunde aber auch Hundesenioren aller Rassen und Gr\u00f6\u00dfe. Der Hundef\u00fchrer braucht daf\u00fcr keine besondere k\u00f6rperliche Fitness.<br \/>Die Hunde werden so ausgebildet, dass sie in der Lage sind, einer gelegten F\u00e4hrte zu folgen. Nach und nach wird der Schwierigkeitsgrad erh\u00f6ht. Man beginnt mit einem Quadrat, weiter geht es mit einer geraden Spur, Winkel werden eingebaut, Gegenst\u00e4nde die verwiesen werden m\u00fcssen. Je nach Leistungsstand werden die F\u00e4hrten l\u00e4nger, Fremde die die F\u00e4hrte legen, Weg\u00fcberquerungen, Gel\u00e4ndewechsel und kreuzende F\u00e4hrten.<\/p>\n<p>Wer m\u00f6chte, kann verschiedene F\u00e4hrtenhundpr\u00fcfungen ablegen, wo der Hund sein Geschick unter Beweis stellen kann.<br \/>Da wir bei (fast) jedem Wetter F\u00e4hrten, werden vor allem wetterfeste Kleidung und Gummistiefel ben\u00f6tigt, eine etwa 10 m lange Schleppleine und besondere Leckerchen.<\/p>\n<p>Wenn Sie Lust haben, mehr \u00fcber das F\u00e4hrten zu erfahren, machen Sie doch einfach mal mit.<br \/>Wir freuen uns auf Sie.<\/p>\n<p>Renate Hildebrand<\/p>\n<p><strong><\/strong><br \/><strong><\/strong><\/p>\n<table style=\"border-color: White slategray slategray White; background-color: lightgray;\">\n<tbody>\n<tr>\n<td><strong>Trainingszeiten:<\/strong><\/td>\n<td><strong>Trainer:<\/strong><\/td>\n<\/tr>\n<tr>\n<td>Sonntags ab 07:30 Uhr<\/td>\n<td>Renate&nbsp;Hildebrand<\/td>\n<\/tr>\n<\/tbody>\n<\/table>\n<p>&nbsp;<\/p>\n<p>[\/et_pb_text][\/et_pb_column][\/et_pb_row][et_pb_row column_structure=&#8220;1_3,1_3,1_3&#8243; _builder_version=&#8220;3.26.6&#8243;][et_pb_column type=&#8220;1_3&#8243; _builder_version=&#8220;3.26.6&#8243;][et_pb_image src=&#8220;http:\/\/sv-uerdingen.de\/wp-content\/uploads\/2019\/09\/20190224_082638-2.jpg&#8220; show_in_lightbox=&#8220;on&#8220; _builder_version=&#8220;3.26.6&#8243;][\/et_pb_image][\/et_pb_column][et_pb_column type=&#8220;1_3&#8243; _builder_version=&#8220;3.26.6&#8243;][et_pb_image src=&#8220;http:\/\/sv-uerdingen.de\/wp-content\/uploads\/2019\/09\/20190915_080618.jpg&#8220; show_in_lightbox=&#8220;on&#8220; _builder_version=&#8220;3.26.6&#8243;][\/et_pb_image][et_pb_image src=&#8220;http:\/\/sv-uerdingen.de\/wp-content\/uploads\/2019\/09\/20190915_081353.jpg&#8220; show_in_lightbox=&#8220;on&#8220; _builder_version=&#8220;3.26.6&#8243;][\/et_pb_image][et_pb_image src=&#8220;http:\/\/sv-uerdingen.de\/wp-content\/uploads\/2019\/09\/20190915_082925.jpg&#8220; show_in_lightbox=&#8220;on&#8220; _builder_version=&#8220;3.26.6&#8243;][\/et_pb_image][\/et_pb_column][et_pb_column type=&#8220;1_3&#8243; _builder_version=&#8220;3.26.6&#8243;][et_pb_image src=&#8220;http:\/\/sv-uerdingen.de\/wp-content\/uploads\/2019\/09\/20190922_081121.jpg&#8220; show_in_lightbox=&#8220;on&#8220; _builder_version=&#8220;3.26.6&#8243;][\/et_pb_image][et_pb_image src=&#8220;http:\/\/sv-uerdingen.de\/wp-content\/uploads\/2019\/04\/Faehrten01.jpg&#8220; _builder_version=&#8220;3.26.6&#8243;][\/et_pb_image][et_pb_image src=&#8220;http:\/\/sv-uerdingen.de\/wp-content\/uploads\/2019\/04\/Faehrten02.jpg&#8220; _builder_version=&#8220;3.26.6&#8243;][\/et_pb_image][\/et_pb_column][\/et_pb_row][\/et_pb_section]<\/p>\n","protected":false},"excerpt":{"rendered":"<p>[et_pb_section fb_built=&#8220;1&#8243; _builder_version=&#8220;3.22&#8243; background_color=&#8220;#273548&#8243; custom_padding=&#8220;10px||10px&#8220;][et_pb_row _builder_version=&#8220;3.25&#8243;][et_pb_column type=&#8220;4_4&#8243; _builder_version=&#8220;3.25&#8243; custom_padding=&#8220;|||&#8220; custom_padding__hover=&#8220;|||&#8220;][et_pb_text _builder_version=&#8220;3.27.4&#8243; text_font=&#8220;||||||||&#8220; text_text_color=&#8220;#ffffff&#8220; text_font_size=&#8220;32px&#8220; header_font=&#8220;||||||||&#8220; header_text_color=&#8220;#000000&#8243; header_2_font=&#8220;||||||||&#8220; header_2_text_color=&#8220;#FFFFFF&#8220; background_size=&#8220;initial&#8220; background_position=&#8220;top_left&#8220; background_repeat=&#8220;repeat&#8220; text_orientation=&#8220;center&#8220; text_font_size_tablet=&#8220;&#8220; text_font_size_phone=&#8220;16px&#8220; text_font_size_last_edited=&#8220;on|phone&#8220;] Hundesportverein SV OG Uerdingen [\/et_pb_text][\/et_pb_column][\/et_pb_row][\/et_pb_section][et_pb_section fb_built=&#8220;1&#8243; _builder_version=&#8220;3.22&#8243; background_color=&#8220;#cecece&#8220;][et_pb_row _builder_version=&#8220;3.25&#8243; background_size=&#8220;initial&#8220; background_position=&#8220;top_left&#8220; background_repeat=&#8220;repeat&#8220;][et_pb_column type=&#8220;4_4&#8243; _builder_version=&#8220;3.25&#8243; custom_padding=&#8220;|||&#8220; custom_padding__hover=&#8220;|||&#8220;][et_pb_text _builder_version=&#8220;4.3.2&#8243; text_font=&#8220;||||||||&#8220; text_text_color=&#8220;#000000&#8243; link_font=&#8220;||||on||||&#8220; link_text_color=&#8220;#0c71c3&#8243; header_font=&#8220;||||||||&#8220; header_text_align=&#8220;left&#8220; header_2_font=&#8220;||||||||&#8220; background_size=&#8220;initial&#8220; background_position=&#8220;top_left&#8220; background_repeat=&#8220;repeat&#8220; text_orientation=&#8220;justified&#8220; header_2_font_size_tablet=&#8220;&#8220; header_2_font_size_phone=&#8220;18px&#8220; [&hellip;]<\/p>\n","protected":false},"author":2,"featured_media":0,"parent":0,"menu_order":55,"comment_status":"closed","ping_status":"closed","template":"","meta":{"_et_pb_use_builder":"on","_et_pb_old_content":"","_et_gb_content_width":"","footnotes":""},"class_list":["post-475","page","type-page","status-publish","hentry"],"yoast_head":"<!-- This site is optimized with the Yoast SEO plugin v22.1 - https:\/\/yoast.com\/wordpress\/plugins\/seo\/ -->\n<title>Training - F\u00e4hrten - Hundesportverein Krefeld SV OG Uerdingen<\/title>\n<meta name=\"description\" content=\"Hundesport Krefeld SV Uerdingen - F\u00e4hrten\" \/>\n<meta name=\"robots\" content=\"index, follow, max-snippet:-1, max-image-preview:large, max-video-preview:-1\" \/>\n<link rel=\"canonical\" href=\"http:\/\/sv-uerdingen.de\/?page_id=475\" \/>\n<meta property=\"og:locale\" content=\"de_DE\" \/>\n<meta property=\"og:type\" content=\"article\" \/>\n<meta property=\"og:title\" content=\"Training - F\u00e4hrten - Hundesportverein Krefeld SV OG Uerdingen\" \/>\n<meta property=\"og:description\" content=\"Hundesport Krefeld SV Uerdingen - F\u00e4hrten\" \/>\n<meta property=\"og:url\" content=\"http:\/\/sv-uerdingen.de\/?page_id=475\" \/>\n<meta property=\"og:site_name\" content=\"Hundesportverein Krefeld SV OG Uerdingen\" \/>\n<meta property=\"article:modified_time\" content=\"2023-01-09T08:51:10+00:00\" \/>\n<meta name=\"twitter:card\" content=\"summary_large_image\" \/>\n<meta name=\"twitter:label1\" content=\"Gesch\u00e4tzte Lesezeit\" \/>\n\t<meta name=\"twitter:data1\" content=\"3\u00a0Minuten\" \/>\n<script type=\"application\/ld+json\" class=\"yoast-schema-graph\">{\"@context\":\"https:\/\/schema.org\",\"@graph\":[{\"@type\":\"WebPage\",\"@id\":\"http:\/\/sv-uerdingen.de\/?page_id=475\",\"url\":\"http:\/\/sv-uerdingen.de\/?page_id=475\",\"name\":\"Training - F\u00e4hrten - Hundesportverein Krefeld SV OG Uerdingen\",\"isPartOf\":{\"@id\":\"http:\/\/sv-uerdingen.de\/#website\"},\"datePublished\":\"2019-01-10T11:38:58+00:00\",\"dateModified\":\"2023-01-09T08:51:10+00:00\",\"description\":\"Hundesport Krefeld SV Uerdingen - F\u00e4hrten\",\"breadcrumb\":{\"@id\":\"http:\/\/sv-uerdingen.de\/?page_id=475#breadcrumb\"},\"inLanguage\":\"de\",\"potentialAction\":[{\"@type\":\"ReadAction\",\"target\":[\"http:\/\/sv-uerdingen.de\/?page_id=475\"]}]},{\"@type\":\"BreadcrumbList\",\"@id\":\"http:\/\/sv-uerdingen.de\/?page_id=475#breadcrumb\",\"itemListElement\":[{\"@type\":\"ListItem\",\"position\":1,\"name\":\"Startseite\",\"item\":\"http:\/\/sv-uerdingen.de\/\"},{\"@type\":\"ListItem\",\"position\":2,\"name\":\"Training &#8211; F\u00e4hrten\"}]},{\"@type\":\"WebSite\",\"@id\":\"http:\/\/sv-uerdingen.de\/#website\",\"url\":\"http:\/\/sv-uerdingen.de\/\",\"name\":\"Hundesportverein Krefeld SV OG Uerdingen\",\"description\":\"Hundesportverein Krefeld Ortsgruppe Uerdingen\",\"potentialAction\":[{\"@type\":\"SearchAction\",\"target\":{\"@type\":\"EntryPoint\",\"urlTemplate\":\"http:\/\/sv-uerdingen.de\/?s={search_term_string}\"},\"query-input\":\"required name=search_term_string\"}],\"inLanguage\":\"de\"}]}<\/script>\n<!-- \/ Yoast SEO plugin. -->","yoast_head_json":{"title":"Training - F\u00e4hrten - Hundesportverein Krefeld SV OG Uerdingen","description":"Hundesport Krefeld SV Uerdingen - F\u00e4hrten","robots":{"index":"index","follow":"follow","max-snippet":"max-snippet:-1","max-image-preview":"max-image-preview:large","max-video-preview":"max-video-preview:-1"},"canonical":"http:\/\/sv-uerdingen.de\/?page_id=475","og_locale":"de_DE","og_type":"article","og_title":"Training - F\u00e4hrten - Hundesportverein Krefeld SV OG Uerdingen","og_description":"Hundesport Krefeld SV Uerdingen - F\u00e4hrten","og_url":"http:\/\/sv-uerdingen.de\/?page_id=475","og_site_name":"Hundesportverein Krefeld SV OG Uerdingen","article_modified_time":"2023-01-09T08:51:10+00:00","twitter_card":"summary_large_image","twitter_misc":{"Gesch\u00e4tzte Lesezeit":"3\u00a0Minuten"},"schema":{"@context":"https:\/\/schema.org","@graph":[{"@type":"WebPage","@id":"http:\/\/sv-uerdingen.de\/?page_id=475","url":"http:\/\/sv-uerdingen.de\/?page_id=475","name":"Training - F\u00e4hrten - Hundesportverein Krefeld SV OG Uerdingen","isPartOf":{"@id":"http:\/\/sv-uerdingen.de\/#website"},"datePublished":"2019-01-10T11:38:58+00:00","dateModified":"2023-01-09T08:51:10+00:00","description":"Hundesport Krefeld SV Uerdingen - F\u00e4hrten","breadcrumb":{"@id":"http:\/\/sv-uerdingen.de\/?page_id=475#breadcrumb"},"inLanguage":"de","potentialAction":[{"@type":"ReadAction","target":["http:\/\/sv-uerdingen.de\/?page_id=475"]}]},{"@type":"BreadcrumbList","@id":"http:\/\/sv-uerdingen.de\/?page_id=475#breadcrumb","itemListElement":[{"@type":"ListItem","position":1,"name":"Startseite","item":"http:\/\/sv-uerdingen.de\/"},{"@type":"ListItem","position":2,"name":"Training &#8211; F\u00e4hrten"}]},{"@type":"WebSite","@id":"http:\/\/sv-uerdingen.de\/#website","url":"http:\/\/sv-uerdingen.de\/","name":"Hundesportverein Krefeld SV OG Uerdingen","description":"Hundesportverein Krefeld Ortsgruppe Uerdingen","potentialAction":[{"@type":"SearchAction","target":{"@type":"EntryPoint","urlTemplate":"http:\/\/sv-uerdingen.de\/?s={search_term_string}"},"query-input":"required name=search_term_string"}],"inLanguage":"de"}]}},"_links":{"self":[{"href":"https:\/\/sv-uerdingen.de\/index.php?rest_route=\/wp\/v2\/pages\/475","targetHints":{"allow":["GET"]}}],"collection":[{"href":"https:\/\/sv-uerdingen.de\/index.php?rest_route=\/wp\/v2\/pages"}],"about":[{"href":"https:\/\/sv-uerdingen.de\/index.php?rest_route=\/wp\/v2\/types\/page"}],"author":[{"embeddable":true,"href":"https:\/\/sv-uerdingen.de\/index.php?rest_route=\/wp\/v2\/users\/2"}],"replies":[{"embeddable":true,"href":"https:\/\/sv-uerdingen.de\/index.php?rest_route=%2Fwp%2Fv2%2Fcomments&post=475"}],"version-history":[{"count":24,"href":"https:\/\/sv-uerdingen.de\/index.php?rest_route=\/wp\/v2\/pages\/475\/revisions"}],"predecessor-version":[{"id":2238,"href":"https:\/\/sv-uerdingen.de\/index.php?rest_route=\/wp\/v2\/pages\/475\/revisions\/2238"}],"wp:attachment":[{"href":"https:\/\/sv-uerdingen.de\/index.php?rest_route=%2Fwp%2Fv2%2Fmedia&parent=475"}],"curies":[{"name":"wp","href":"https:\/\/api.w.org\/{rel}","templated":true}]}}