{"id":483,"date":"2019-01-10T12:49:23","date_gmt":"2019-01-10T11:49:23","guid":{"rendered":"http:\/\/sv-uerdingen.de\/?page_id=483"},"modified":"2025-07-29T21:37:22","modified_gmt":"2025-07-29T19:37:22","slug":"besuchshunde","status":"publish","type":"page","link":"https:\/\/sv-uerdingen.de\/?page_id=483","title":{"rendered":"Besuchshunde"},"content":{"rendered":"<p>[et_pb_section fb_built=&#8220;1&#8243; _builder_version=&#8220;3.22&#8243; background_color=&#8220;#273548&#8243; custom_padding=&#8220;10px||10px&#8220;][et_pb_row _builder_version=&#8220;3.25&#8243;][et_pb_column type=&#8220;4_4&#8243; _builder_version=&#8220;3.25&#8243; custom_padding=&#8220;|||&#8220; custom_padding__hover=&#8220;|||&#8220;][et_pb_text _builder_version=&#8220;3.27.4&#8243; text_font=&#8220;||||||||&#8220; text_text_color=&#8220;#ffffff&#8220; text_font_size=&#8220;32px&#8220; header_font=&#8220;||||||||&#8220; header_text_color=&#8220;#000000&#8243; header_2_font=&#8220;||||||||&#8220; header_2_text_color=&#8220;#FFFFFF&#8220; background_size=&#8220;initial&#8220; background_position=&#8220;top_left&#8220; background_repeat=&#8220;repeat&#8220; text_orientation=&#8220;center&#8220; text_font_size_tablet=&#8220;&#8220; text_font_size_phone=&#8220;16px&#8220; text_font_size_last_edited=&#8220;on|phone&#8220;]<\/p>\n<p><strong>Hundesportverein SV OG Uerdingen<\/strong><\/p>\n<p>[\/et_pb_text][\/et_pb_column][\/et_pb_row][\/et_pb_section][et_pb_section fb_built=&#8220;1&#8243; _builder_version=&#8220;3.22&#8243; background_color=&#8220;#cecece&#8220;][et_pb_row column_structure=&#8220;3_4,1_4&#8243; _builder_version=&#8220;3.25&#8243; background_size=&#8220;initial&#8220; background_position=&#8220;top_left&#8220; background_repeat=&#8220;repeat&#8220;][et_pb_column type=&#8220;3_4&#8243; _builder_version=&#8220;3.25&#8243; custom_padding=&#8220;|||&#8220; custom_padding__hover=&#8220;|||&#8220;][et_pb_text _builder_version=&#8220;4.3.2&#8243; text_font=&#8220;||||||||&#8220; text_text_color=&#8220;#000000&#8243; link_font=&#8220;||||on||||&#8220; link_text_color=&#8220;#0c71c3&#8243; header_font=&#8220;||||||||&#8220; header_text_align=&#8220;left&#8220; header_2_font=&#8220;||||||||&#8220; background_size=&#8220;initial&#8220; background_position=&#8220;top_left&#8220; background_repeat=&#8220;repeat&#8220; text_orientation=&#8220;justified&#8220; header_2_font_size_tablet=&#8220;&#8220; header_2_font_size_phone=&#8220;18px&#8220; header_2_font_size_last_edited=&#8220;on|phone&#8220;]<\/p>\n<h2 style=\"text-align: left;\"><strong>Besuchshunde<\/strong><\/h2>\n<p><strong><\/strong><\/p>\n<p>Regelm\u00e4\u00dfig besuchen wir verschiedene Seniorenheime in Krefeld. Die vierbeinigen Besucher bringen Abwechslung in den Alltag der Senioren. Der Kontakt zu den Hunden l\u00f6st Erinnerungen aus und die Streicheleinheiten erfreuen beide Seiten. Unsere Vierbeiner sind sozial vertr\u00e4glich und den Kontakt mit Menschen gew\u00f6hnt. So haben alle Ihre Freude, die Senioren, die Hundef\u00fchrer und unsere Hunde sowieso.<\/p>\n<p>Der SV veranstaltet Seminare, in denen Sie und ihr Hund einen Leitfaden erhalten, wie man sich bei solchen Seniorenbesuchen verhalten sollte. Nach diesen Seminaren erhalten Sie mit Ihrem Hund eine Auszeichnung als Besuchshundeteam.<\/p>\n<p>Die einzelnen Besuchstermine \/ Seminartermine k\u00f6nnen Sie beim Vorstand der Ortsgruppe erfragen.<\/p>\n<p>[\/et_pb_text][\/et_pb_column][et_pb_column type=&#8220;1_4&#8243; _builder_version=&#8220;3.25&#8243; custom_padding=&#8220;|||&#8220; custom_padding__hover=&#8220;|||&#8220;][et_pb_image src=&#8220;http:\/\/sv-uerdingen.de\/wp-content\/uploads\/2025\/07\/20250715_160435-scaled.jpg&#8220; _builder_version=&#8220;4.3.2&#8243; hover_enabled=&#8220;0&#8243;][\/et_pb_image][\/et_pb_column][\/et_pb_row][\/et_pb_section]<\/p>\n","protected":false},"excerpt":{"rendered":"<p>[et_pb_section fb_built=&#8220;1&#8243; _builder_version=&#8220;3.22&#8243; background_color=&#8220;#273548&#8243; custom_padding=&#8220;10px||10px&#8220;][et_pb_row _builder_version=&#8220;3.25&#8243;][et_pb_column type=&#8220;4_4&#8243; _builder_version=&#8220;3.25&#8243; custom_padding=&#8220;|||&#8220; custom_padding__hover=&#8220;|||&#8220;][et_pb_text _builder_version=&#8220;3.27.4&#8243; text_font=&#8220;||||||||&#8220; text_text_color=&#8220;#ffffff&#8220; text_font_size=&#8220;32px&#8220; header_font=&#8220;||||||||&#8220; header_text_color=&#8220;#000000&#8243; header_2_font=&#8220;||||||||&#8220; header_2_text_color=&#8220;#FFFFFF&#8220; background_size=&#8220;initial&#8220; background_position=&#8220;top_left&#8220; background_repeat=&#8220;repeat&#8220; text_orientation=&#8220;center&#8220; text_font_size_tablet=&#8220;&#8220; text_font_size_phone=&#8220;16px&#8220; text_font_size_last_edited=&#8220;on|phone&#8220;] Hundesportverein SV OG Uerdingen [\/et_pb_text][\/et_pb_column][\/et_pb_row][\/et_pb_section][et_pb_section fb_built=&#8220;1&#8243; _builder_version=&#8220;3.22&#8243; background_color=&#8220;#cecece&#8220;][et_pb_row column_structure=&#8220;3_4,1_4&#8243; _builder_version=&#8220;3.25&#8243; background_size=&#8220;initial&#8220; background_position=&#8220;top_left&#8220; background_repeat=&#8220;repeat&#8220;][et_pb_column type=&#8220;3_4&#8243; _builder_version=&#8220;3.25&#8243; custom_padding=&#8220;|||&#8220; custom_padding__hover=&#8220;|||&#8220;][et_pb_text _builder_version=&#8220;4.3.2&#8243; text_font=&#8220;||||||||&#8220; text_text_color=&#8220;#000000&#8243; link_font=&#8220;||||on||||&#8220; link_text_color=&#8220;#0c71c3&#8243; header_font=&#8220;||||||||&#8220; header_text_align=&#8220;left&#8220; header_2_font=&#8220;||||||||&#8220; background_size=&#8220;initial&#8220; background_position=&#8220;top_left&#8220; background_repeat=&#8220;repeat&#8220; text_orientation=&#8220;justified&#8220; header_2_font_size_tablet=&#8220;&#8220; [&hellip;]<\/p>\n","protected":false},"author":2,"featured_media":0,"parent":0,"menu_order":57,"comment_status":"closed","ping_status":"closed","template":"","meta":{"_et_pb_use_builder":"on","_et_pb_old_content":"","_et_gb_content_width":"","footnotes":""},"class_list":["post-483","page","type-page","status-publish","hentry"],"yoast_head":"<!-- This site is optimized with the Yoast SEO plugin v22.1 - https:\/\/yoast.com\/wordpress\/plugins\/seo\/ -->\n<title>Besuchshunde - Hundesportverein Krefeld SV OG Uerdingen<\/title>\n<meta name=\"description\" content=\"Hundesport Krefeld SV Uerdingen - Besuchshunde\" \/>\n<meta name=\"robots\" content=\"index, follow, max-snippet:-1, max-image-preview:large, max-video-preview:-1\" \/>\n<link rel=\"canonical\" href=\"http:\/\/sv-uerdingen.de\/?page_id=483\" \/>\n<meta property=\"og:locale\" content=\"de_DE\" \/>\n<meta property=\"og:type\" content=\"article\" \/>\n<meta property=\"og:title\" content=\"Besuchshunde - Hundesportverein Krefeld SV OG Uerdingen\" \/>\n<meta property=\"og:description\" content=\"Hundesport Krefeld SV Uerdingen - Besuchshunde\" \/>\n<meta property=\"og:url\" content=\"http:\/\/sv-uerdingen.de\/?page_id=483\" \/>\n<meta property=\"og:site_name\" content=\"Hundesportverein Krefeld SV OG Uerdingen\" \/>\n<meta property=\"article:modified_time\" content=\"2025-07-29T19:37:22+00:00\" \/>\n<meta name=\"twitter:card\" content=\"summary_large_image\" \/>\n<meta name=\"twitter:label1\" content=\"Gesch\u00e4tzte Lesezeit\" \/>\n\t<meta name=\"twitter:data1\" content=\"2\u00a0Minuten\" \/>\n<script type=\"application\/ld+json\" class=\"yoast-schema-graph\">{\"@context\":\"https:\/\/schema.org\",\"@graph\":[{\"@type\":\"WebPage\",\"@id\":\"http:\/\/sv-uerdingen.de\/?page_id=483\",\"url\":\"http:\/\/sv-uerdingen.de\/?page_id=483\",\"name\":\"Besuchshunde - Hundesportverein Krefeld SV OG Uerdingen\",\"isPartOf\":{\"@id\":\"https:\/\/sv-uerdingen.de\/#website\"},\"datePublished\":\"2019-01-10T11:49:23+00:00\",\"dateModified\":\"2025-07-29T19:37:22+00:00\",\"description\":\"Hundesport Krefeld SV Uerdingen - Besuchshunde\",\"breadcrumb\":{\"@id\":\"http:\/\/sv-uerdingen.de\/?page_id=483#breadcrumb\"},\"inLanguage\":\"de\",\"potentialAction\":[{\"@type\":\"ReadAction\",\"target\":[\"http:\/\/sv-uerdingen.de\/?page_id=483\"]}]},{\"@type\":\"BreadcrumbList\",\"@id\":\"http:\/\/sv-uerdingen.de\/?page_id=483#breadcrumb\",\"itemListElement\":[{\"@type\":\"ListItem\",\"position\":1,\"name\":\"Startseite\",\"item\":\"https:\/\/sv-uerdingen.de\/\"},{\"@type\":\"ListItem\",\"position\":2,\"name\":\"Besuchshunde\"}]},{\"@type\":\"WebSite\",\"@id\":\"https:\/\/sv-uerdingen.de\/#website\",\"url\":\"https:\/\/sv-uerdingen.de\/\",\"name\":\"Hundesportverein Krefeld SV OG Uerdingen\",\"description\":\"Hundesportverein Krefeld Ortsgruppe Uerdingen\",\"potentialAction\":[{\"@type\":\"SearchAction\",\"target\":{\"@type\":\"EntryPoint\",\"urlTemplate\":\"https:\/\/sv-uerdingen.de\/?s={search_term_string}\"},\"query-input\":\"required name=search_term_string\"}],\"inLanguage\":\"de\"}]}<\/script>\n<!-- \/ Yoast SEO plugin. -->","yoast_head_json":{"title":"Besuchshunde - Hundesportverein Krefeld SV OG Uerdingen","description":"Hundesport Krefeld SV Uerdingen - Besuchshunde","robots":{"index":"index","follow":"follow","max-snippet":"max-snippet:-1","max-image-preview":"max-image-preview:large","max-video-preview":"max-video-preview:-1"},"canonical":"http:\/\/sv-uerdingen.de\/?page_id=483","og_locale":"de_DE","og_type":"article","og_title":"Besuchshunde - Hundesportverein Krefeld SV OG Uerdingen","og_description":"Hundesport Krefeld SV Uerdingen - Besuchshunde","og_url":"http:\/\/sv-uerdingen.de\/?page_id=483","og_site_name":"Hundesportverein Krefeld SV OG Uerdingen","article_modified_time":"2025-07-29T19:37:22+00:00","twitter_card":"summary_large_image","twitter_misc":{"Gesch\u00e4tzte Lesezeit":"2\u00a0Minuten"},"schema":{"@context":"https:\/\/schema.org","@graph":[{"@type":"WebPage","@id":"http:\/\/sv-uerdingen.de\/?page_id=483","url":"http:\/\/sv-uerdingen.de\/?page_id=483","name":"Besuchshunde - Hundesportverein Krefeld SV OG Uerdingen","isPartOf":{"@id":"https:\/\/sv-uerdingen.de\/#website"},"datePublished":"2019-01-10T11:49:23+00:00","dateModified":"2025-07-29T19:37:22+00:00","description":"Hundesport Krefeld SV Uerdingen - Besuchshunde","breadcrumb":{"@id":"http:\/\/sv-uerdingen.de\/?page_id=483#breadcrumb"},"inLanguage":"de","potentialAction":[{"@type":"ReadAction","target":["http:\/\/sv-uerdingen.de\/?page_id=483"]}]},{"@type":"BreadcrumbList","@id":"http:\/\/sv-uerdingen.de\/?page_id=483#breadcrumb","itemListElement":[{"@type":"ListItem","position":1,"name":"Startseite","item":"https:\/\/sv-uerdingen.de\/"},{"@type":"ListItem","position":2,"name":"Besuchshunde"}]},{"@type":"WebSite","@id":"https:\/\/sv-uerdingen.de\/#website","url":"https:\/\/sv-uerdingen.de\/","name":"Hundesportverein Krefeld SV OG Uerdingen","description":"Hundesportverein Krefeld Ortsgruppe Uerdingen","potentialAction":[{"@type":"SearchAction","target":{"@type":"EntryPoint","urlTemplate":"https:\/\/sv-uerdingen.de\/?s={search_term_string}"},"query-input":"required name=search_term_string"}],"inLanguage":"de"}]}},"_links":{"self":[{"href":"https:\/\/sv-uerdingen.de\/index.php?rest_route=\/wp\/v2\/pages\/483","targetHints":{"allow":["GET"]}}],"collection":[{"href":"https:\/\/sv-uerdingen.de\/index.php?rest_route=\/wp\/v2\/pages"}],"about":[{"href":"https:\/\/sv-uerdingen.de\/index.php?rest_route=\/wp\/v2\/types\/page"}],"author":[{"embeddable":true,"href":"https:\/\/sv-uerdingen.de\/index.php?rest_route=\/wp\/v2\/users\/2"}],"replies":[{"embeddable":true,"href":"https:\/\/sv-uerdingen.de\/index.php?rest_route=%2Fwp%2Fv2%2Fcomments&post=483"}],"version-history":[{"count":9,"href":"https:\/\/sv-uerdingen.de\/index.php?rest_route=\/wp\/v2\/pages\/483\/revisions"}],"predecessor-version":[{"id":2798,"href":"https:\/\/sv-uerdingen.de\/index.php?rest_route=\/wp\/v2\/pages\/483\/revisions\/2798"}],"wp:attachment":[{"href":"https:\/\/sv-uerdingen.de\/index.php?rest_route=%2Fwp%2Fv2%2Fmedia&parent=483"}],"curies":[{"name":"wp","href":"https:\/\/api.w.org\/{rel}","templated":true}]}}